{"id":17804,"date":"2024-04-25T10:35:46","date_gmt":"2024-04-25T08:35:46","guid":{"rendered":"https:\/\/consolvilar.com\/com-gestionar-la-teva-imatge-i-comunicacio\/"},"modified":"2024-04-27T12:17:00","modified_gmt":"2024-04-27T10:17:00","slug":"com-gestionar-la-teva-imatge-i-comunicacio","status":"publish","type":"page","link":"https:\/\/consolvilar.com\/ca\/formacions\/formacio-en-obert\/com-gestionar-la-teva-imatge-i-comunicacio\/","title":{"rendered":"Com gestionar la teva imatge i comunicaci\u00f3"},"content":{"rendered":"\n<style type=\"text\/css\" data-created_by=\"avia_inline_auto\" id=\"style-css-av-5wcd4k-40d9ee3d90b6a1e825a968abe4515e36\">\n.avia-section.av-5wcd4k-40d9ee3d90b6a1e825a968abe4515e36{\nbackground-repeat:no-repeat;\nbackground-image:url(https:\/\/consolvilar.com\/wp-content\/uploads\/2024\/04\/Consol-Vilar-16.jpg);\nbackground-position:50% 50%;\nbackground-attachment:scroll;\n}\n.avia-section.av-5wcd4k-40d9ee3d90b6a1e825a968abe4515e36 .av-section-color-overlay{\nopacity:0.5;\nbackground-color:#0a0707;\n}\n<\/style>\n<div id='av_section_1'  class='avia-section av-5wcd4k-40d9ee3d90b6a1e825a968abe4515e36 footer_color avia-section-default avia-no-border-styling  avia-builder-el-0  el_before_av_one_full  avia-builder-el-first  top-banner avia-full-stretch avia-bg-style-scroll av-section-color-overlay-active av-minimum-height av-minimum-height-60 av-height-percent  container_wrap fullsize'  data-section-bg-repeat='stretch' data-av_minimum_height_pc='60' data-av_min_height_opt='percent'><div class=\"av-section-color-overlay-wrap\"><div class=\"av-section-color-overlay\"><\/div><div class='container av-section-cont-open' ><main  role=\"main\" itemprop=\"mainContentOfPage\"  class='template-page content  av-content-full alpha units'><div class='post-entry post-entry-type-page post-entry-17804'><div class='entry-content-wrapper clearfix'>\n<div  class='flex_column av-21jqs-2ecbf91ca020bba23e3b217343c11a39 av_one_half  avia-builder-el-1  el_before_av_one_half  avia-builder-el-first  first flex_column_div  '     ><\/div><div  class='flex_column av-5jfd5o-43ccca8cf77c044993a7854e1059730f av_one_half  avia-builder-el-3  el_after_av_one_half  avia-builder-el-last  flex_column_div  '     ><p>\n<style type=\"text\/css\" data-created_by=\"avia_inline_auto\" id=\"style-css-av-5e7pr8-7aa62add3cc88d2faec8562e1f8fcffb\">\n#top .av-special-heading.av-5e7pr8-7aa62add3cc88d2faec8562e1f8fcffb{\npadding-bottom:20px;\n}\nbody .av-special-heading.av-5e7pr8-7aa62add3cc88d2faec8562e1f8fcffb .av-special-heading-tag .heading-char{\nfont-size:25px;\n}\n.av-special-heading.av-5e7pr8-7aa62add3cc88d2faec8562e1f8fcffb .av-subheading{\nfont-size:15px;\n}\n<\/style>\n<div  class='av-special-heading av-5e7pr8-7aa62add3cc88d2faec8562e1f8fcffb av-special-heading-h1 blockquote modern-quote  avia-builder-el-4  el_before_av_textblock  avia-builder-el-first '><h1 class='av-special-heading-tag '  itemprop=\"headline\"  >CURS: COM GESTIONAR LA TEVA IMATGE I COMUNICACI\u00d3<\/h1><div class=\"special-heading-border\"><div class=\"special-heading-inner-border\"><\/div><\/div><\/div><br \/>\n<section  class='av_textblock_section av-lq6pj06v-d36c62716f9fcd2bfa0516c21dac685f '   itemscope=\"itemscope\" itemtype=\"https:\/\/schema.org\/CreativeWork\" ><div class='avia_textblock'  itemprop=\"text\" ><p>Tu ets la teva Carta de presentaci\u00f3! Fes que transmeti amb credibilitat i confian\u00e7a.<\/p>\n<\/div><\/section><\/p><\/div>\n<\/div><\/div><\/main><!-- close content main element --><\/div><\/div><\/div><div id='after_section_1'  class='main_color av_default_container_wrap container_wrap fullsize'  ><div class='container av-section-cont-open' ><div class='template-page content  av-content-full alpha units'><div class='post-entry post-entry-type-page post-entry-17804'><div class='entry-content-wrapper clearfix'>\n<div  class='flex_column av-af9tv-0e0aa42244c8977f25ecfcbee7952e87 av_one_full  avia-builder-el-6  el_after_av_section  el_before_av_hr  avia-builder-el-first  first flex_column_div  '     ><section  class='av_textblock_section av-lrq7yt0e-173e8b8d2604877cf0096459e6fb7efd '   itemscope=\"itemscope\" itemtype=\"https:\/\/schema.org\/CreativeWork\" ><div class='avia_textblock'  itemprop=\"text\" ><blockquote>\n<h2 style=\"text-align: left;\"><strong>Agenda 2024<\/strong><\/h2>\n<\/blockquote>\n<\/div><\/section><br \/>\n<section  class='av_textblock_section av-lrq7yxz9-fe0fbcd2d91f312fcd4760d24882e16d '   itemscope=\"itemscope\" itemtype=\"https:\/\/schema.org\/CreativeWork\" ><div class='avia_textblock'  itemprop=\"text\" ><ul>\n<li><strong>VAL\u00c8NCIA<\/strong> : 17 de maig<\/li>\n<li><strong>BARCELONA<\/strong> : 24 de maig<\/li>\n<li><strong>MADRID<\/strong> : 31 de maig<\/li>\n<li><strong>ANDORRA<\/strong> : 4 d&#8217;octubre<\/li>\n<li><strong>GIRONA<\/strong> : 11 d&#8217;octubre<\/li>\n<\/ul>\n<p><strong>HORARI<\/strong> : de 9.30 a 18.30 h<br \/>\n<strong>UBICACI\u00d3<\/strong> : centre ciutat. M\u00e9s detalls properament.<br \/>\n<strong>N\u00fam. de PARTICIPANTS:<\/strong> de 10 a 12 participants m\u00e0xim<\/p>\n<\/div><\/section><\/p><\/div>\n\n<style type=\"text\/css\" data-created_by=\"avia_inline_auto\" id=\"style-css-av-26ubw-53e836f1c059a050b5cfc1f1a778fded\">\n#top .hr.hr-invisible.av-26ubw-53e836f1c059a050b5cfc1f1a778fded{\nheight:50px;\n}\n<\/style>\n<div  class='hr av-26ubw-53e836f1c059a050b5cfc1f1a778fded hr-invisible  avia-builder-el-9  el_after_av_one_full  el_before_av_three_fifth '><span class='hr-inner '><span class=\"hr-inner-style\"><\/span><\/span><\/div>\n<div  class='flex_column av-9swuc-3b9fbbbe6023ef7eea70e2d5b0d872fa av_three_fifth  avia-builder-el-10  el_after_av_hr  el_before_av_two_fifth  first flex_column_div  '     ><div  class='tabcontainer av-lq6rleiv-41f078caaf4f169fcd0db3882d04ad0e top_tab  avia-builder-el-11  avia-builder-el-no-sibling '>\n<section class='av_tab_section av_tab_section av-lq6rkmac-f980392f9271615f749ad38e28aa160a'  itemscope=\"itemscope\" itemtype=\"https:\/\/schema.org\/CreativeWork\" ><div id='tab-id-1-tab' class='tab active_tab' role='tab' aria-selected=\"true\" tabindex=\"0\" data-fake-id='#tab-id-1' aria-controls='tab-id-1-content'  itemprop=\"headline\" >Objectius<\/div><div id='tab-id-1-content' class='tab_content active_tab_content' role='tabpanel' aria-labelledby='tab-id-1-tab' aria-hidden=\"false\"><div class='tab_inner_content invers-color'  itemprop=\"text\" ><ul>\n<li>\u2060 \u2060Coneix qu\u00e8 i com comunica la imatge personal en l&#8217;\u00e0mbit professional.<\/li>\n<li>\u2060Valora l&#8217;impacte i la influ\u00e8ncia de la imatge en una primera impressi\u00f3.<\/li>\n<li>\u2060Analitza els codis de la imatge i gestiona&#8217;ls efica\u00e7ment amb el missatge.<\/li>\n<li>Enforteix una carta de presentaci\u00f3 cre\u00efble, aut\u00e8ntica i coherent segons els teus objectius i missatge.<\/li>\n<li>Potencia la imatge de la teva marca personal amb \u00e8xit.<\/li>\n<\/ul>\n<\/div><\/div><\/section>\n<section class='av_tab_section av_tab_section av-lq6rldhx-c6ae4ffd549abfc06d1e08fafeea28e0'  itemscope=\"itemscope\" itemtype=\"https:\/\/schema.org\/CreativeWork\" ><div id='tab-id-2-tab' class='tab' role='tab' aria-selected=\"false\" tabindex=\"0\" data-fake-id='#tab-id-2' aria-controls='tab-id-2-content'  itemprop=\"headline\" >A qui ens dirigim<\/div><div id='tab-id-2-content' class='tab_content' role='tabpanel' aria-labelledby='tab-id-2-tab' aria-hidden=\"true\"><div class='tab_inner_content invers-color'  itemprop=\"text\" ><p>A professionals i l\u00edders que vulguin gestionar la seva Imatge &amp; Comunicaci\u00f3 de forma integral, amb ess\u00e8ncia i credibilitat segons les seves necessitats per enfortir la seva carta de presentaci\u00f3 professional i la imatge de la seva marca personal amb \u00e8xit.<\/p>\n<\/div><\/div><\/section>\n<section class='av_tab_section av_tab_section av-lskjjk67-4dc175aea98f4b97688ab6003b4f2d85'  itemscope=\"itemscope\" itemtype=\"https:\/\/schema.org\/CreativeWork\" ><div id='tab-id-3-tab' class='tab' role='tab' aria-selected=\"false\" tabindex=\"0\" data-fake-id='#tab-id-3' aria-controls='tab-id-3-content'  itemprop=\"headline\" >Metodologia<\/div><div id='tab-id-3-content' class='tab_content' role='tabpanel' aria-labelledby='tab-id-3-tab' aria-hidden=\"true\"><div class='tab_inner_content invers-color'  itemprop=\"text\" ><ul>\n<li>Formaci\u00f3 pr\u00e0ctica, interactiva i personalitzada de principi a fi que permeti als participants adquirir pautes i habilitats de forma immediata, a curt i mitj\u00e0 termini.<\/li>\n<\/ul>\n<p><strong>Qu\u00e8 treballarem?<\/strong><\/p>\n<ul>\n<li>La influ\u00e8ncia de la imatge en una primera impressi\u00f3.<\/li>\n<li>Els codis de la imatge: Imatge externa\/f\u00edsica.<\/li>\n<li>Comunicaci\u00f3 no verbal i verbal; habilitats socials i protocol\u00b7l\u00e0ries + actitud.<\/li>\n<li>Coher\u00e8ncia entre la Imatge &amp; Comunicaci\u00f3.<\/li>\n<li>Missatge: qu\u00e8 i com ho dic.<\/li>\n<li>Gesti\u00f3 integral de la imatge i comunicaci\u00f3 a 360.<\/li>\n<li>Liderar la carta de presentaci\u00f3 professional i la imatge de la teva marca personal amb \u00e8xit.<\/li>\n<li>Adaptar la teva posada en escena en diferents contextos professionals sense perdre ess\u00e8ncia i credibilitat.<\/li>\n<\/ul>\n<\/div><\/div><\/section>\n<section class='av_tab_section av_tab_section av-lskjmq71-4adf5eedcbe69d1b7d9eb6adf41b2386'  itemscope=\"itemscope\" itemtype=\"https:\/\/schema.org\/CreativeWork\" ><div id='tab-id-4-tab' class='tab' role='tab' aria-selected=\"false\" tabindex=\"0\" data-fake-id='#tab-id-4' aria-controls='tab-id-4-content'  itemprop=\"headline\" >Format<\/div><div id='tab-id-4-content' class='tab_content' role='tabpanel' aria-labelledby='tab-id-4-tab' aria-hidden=\"true\"><div class='tab_inner_content invers-color'  itemprop=\"text\" ><ul>\n<li>Format intensiu.<\/li>\n<li>8 hores de formaci\u00f3 presencial experiencial.<\/li>\n<li>Din\u00e0miques amb an\u00e0lisi i valoraci\u00f3 \u201cin situ\u201d.<\/li>\n<li>Documentaci\u00f3 complement\u00e0ria.<\/li>\n<li>Networking (breaks).<br \/>\n+ Assessoria individual en l\u00ednia de 30 minuts.<br \/>\n+ Assessoria grupal 1 hora.<\/li>\n<\/ul>\n<\/div><\/div><\/section>\n<section class='av_tab_section av_tab_section av-lskjn7zm-81ad4fe0fb503154c59900aab968a64e'  itemscope=\"itemscope\" itemtype=\"https:\/\/schema.org\/CreativeWork\" ><div id='tab-id-5-tab' class='tab' role='tab' aria-selected=\"false\" tabindex=\"0\" data-fake-id='#tab-id-5' aria-controls='tab-id-5-content'  itemprop=\"headline\" >Preu<\/div><div id='tab-id-5-content' class='tab_content' role='tabpanel' aria-labelledby='tab-id-5-tab' aria-hidden=\"true\"><div class='tab_inner_content invers-color'  itemprop=\"text\" ><h3>Preu: 347\u20ac<\/h3>\n<ul>\n<li>Inclou: 8 hores de formaci\u00f3, documentaci\u00f3 complement\u00e0ria, coffee-break\/dinar, assessoria online de 30 minuts i assessoria grupal d&#8217;1 hora.<\/li>\n<\/ul>\n<\/div><\/div><\/section>\n<\/div><\/div><div  class='flex_column av-e1fl0-440c5e7ec1ee33d478f0a344b23d44ba av_two_fifth  avia-builder-el-12  el_after_av_three_fifth  el_before_av_hr  flex_column_div  '     ><style type=\"text\/css\" data-created_by=\"avia_inline_auto\" id=\"style-css-av-lq6qxorl-4b069b1038e783a5ea6063627bcb3e51\">\n.avia-image-container.av-lq6qxorl-4b069b1038e783a5ea6063627bcb3e51 img.avia_image{\nbox-shadow:none;\n}\n.avia-image-container.av-lq6qxorl-4b069b1038e783a5ea6063627bcb3e51 .av-image-caption-overlay-center{\ncolor:#ffffff;\n}\n<\/style>\n<div  class='avia-image-container av-lq6qxorl-4b069b1038e783a5ea6063627bcb3e51 av-styling- avia-align-center  avia-builder-el-13  avia-builder-el-no-sibling  img-gris'   itemprop=\"image\" itemscope=\"itemscope\" itemtype=\"https:\/\/schema.org\/ImageObject\" ><div class=\"avia-image-container-inner\"><div class=\"avia-image-overlay-wrap\"><img decoding=\"async\" fetchpriority=\"high\" class='wp-image-1732 avia-img-lazy-loading-not-1732 avia_image ' src=\"https:\/\/consolvilar.com\/wp-content\/uploads\/2024\/04\/Consol-Vilar-16-700x700.jpg\" alt='' title='Consol-Vilar-16'  height=\"700\" width=\"700\"  itemprop=\"thumbnailUrl\" srcset=\"https:\/\/consolvilar.com\/wp-content\/uploads\/2024\/04\/Consol-Vilar-16-700x700.jpg 700w, https:\/\/consolvilar.com\/wp-content\/uploads\/2024\/04\/Consol-Vilar-16-300x300.jpg 300w, https:\/\/consolvilar.com\/wp-content\/uploads\/2024\/04\/Consol-Vilar-16-1030x1030.jpg 1030w, https:\/\/consolvilar.com\/wp-content\/uploads\/2024\/04\/Consol-Vilar-16-80x80.jpg 80w, https:\/\/consolvilar.com\/wp-content\/uploads\/2024\/04\/Consol-Vilar-16-768x768.jpg 768w, https:\/\/consolvilar.com\/wp-content\/uploads\/2024\/04\/Consol-Vilar-16-1536x1536.jpg 1536w, https:\/\/consolvilar.com\/wp-content\/uploads\/2024\/04\/Consol-Vilar-16-36x36.jpg 36w, https:\/\/consolvilar.com\/wp-content\/uploads\/2024\/04\/Consol-Vilar-16-1500x1500.jpg 1500w, https:\/\/consolvilar.com\/wp-content\/uploads\/2024\/04\/Consol-Vilar-16-705x705.jpg 705w, https:\/\/consolvilar.com\/wp-content\/uploads\/2024\/04\/Consol-Vilar-16.jpg 1620w\" sizes=\"(max-width: 700px) 100vw, 700px\" \/><\/div><\/div><\/div><\/div><\/p>\n\n<style type=\"text\/css\" data-created_by=\"avia_inline_auto\" id=\"style-css-av-lqz2x55v-4e76911b8b747c1966b98d2f605b4a83\">\n#top .hr.hr-invisible.av-lqz2x55v-4e76911b8b747c1966b98d2f605b4a83{\nheight:20px;\n}\n<\/style>\n<div  class='hr av-lqz2x55v-4e76911b8b747c1966b98d2f605b4a83 hr-invisible  avia-builder-el-14  el_after_av_two_fifth  el_before_av_one_fourth '><span class='hr-inner '><span class=\"hr-inner-style\"><\/span><\/span><\/div>\n<div  class='flex_column av-ijut0-d2126c1559994de7527545673068dc65 av_one_fourth  avia-builder-el-15  el_after_av_hr  el_before_av_one_half  first flex_column_div  '     ><\/div>\n<div  class='flex_column av-fvyn8-02b62dc33f1201b209f21240b6e93998 av_one_half  avia-builder-el-16  el_after_av_one_fourth  el_before_av_one_fourth  flex_column_div  '     ><section  class='av_textblock_section av-lqz2vnnc-2b80c757cf8e77ab12f85c1bc91536f0 '   itemscope=\"itemscope\" itemtype=\"https:\/\/schema.org\/CreativeWork\" ><div class='avia_textblock'  itemprop=\"text\" ><blockquote>\n<p style=\"text-align: center;\">En vols saber m\u00e9s?<\/p>\n<\/blockquote>\n<\/div><\/section><br \/>\n<div  class='avia-button-wrap avia-button-center  avia-builder-el-18  el_after_av_textblock  avia-builder-el-last '>\n<style type=\"text\/css\" data-created_by=\"avia_inline_auto\" id=\"style-css-av-aucu4-53abbe67e30720072d5516dc80491ebb\">\n#top #wrap_all .avia-button.av-aucu4-53abbe67e30720072d5516dc80491ebb:hover{\ncolor:white;\ntransition:all 0.4s ease-in-out;\n}\n#top #wrap_all .avia-button.av-aucu4-53abbe67e30720072d5516dc80491ebb:hover .avia-svg-icon svg:first-child{\nfill:white;\nstroke:white;\n}\n<\/style>\n<a href='https:\/\/consolvilar.com\/contacto\/' class='avia-color-theme-color avia-font-color-theme-color avia-button avia-button-fullwidth av-aucu4-53abbe67e30720072d5516dc80491ebb avia-icon_select-no avia-color-theme-color'   aria-label=\"Contacta&#039;ns ara\"><span class='avia_iconbox_title' >Contacta'ns ara<\/span><span class='avia_button_background avia-button avia-button-fullwidth avia-color-theme-color-highlight'><\/span><\/a><\/div><\/p><\/div>\n<div  class='flex_column av-7umr0-086b80466b86a928d33cf9245041101d av_one_fourth  avia-builder-el-19  el_after_av_one_half  avia-builder-el-last  flex_column_div  '     ><\/div>\n","protected":false},"excerpt":{"rendered":"","protected":false},"author":3,"featured_media":0,"parent":17819,"menu_order":0,"comment_status":"closed","ping_status":"closed","template":"","meta":{"footnotes":""},"class_list":["post-17804","page","type-page","status-publish","hentry"],"yoast_head":"<!-- This site is optimized with the Yoast SEO plugin v27.3 - https:\/\/yoast.com\/product\/yoast-seo-wordpress\/ -->\n<title>Formaci\u00f3 en obert: m\u00f2dul 1<\/title>\n<meta name=\"description\" content=\"Inscriu-te al nostre primer m\u00f2dul de formaci\u00f3 en obert i millora les teves habilitats.\" \/>\n<meta name=\"robots\" content=\"index, follow, max-snippet:-1, max-image-preview:large, max-video-preview:-1\" \/>\n<link rel=\"canonical\" href=\"https:\/\/consolvilar.com\/ca\/formacions\/formacio-en-obert\/com-gestionar-la-teva-imatge-i-comunicacio\/\" \/>\n<meta property=\"og:locale\" content=\"ca_ES\" \/>\n<meta property=\"og:type\" content=\"article\" \/>\n<meta property=\"og:title\" content=\"Formaci\u00f3 en obert: m\u00f2dul 1\" \/>\n<meta property=\"og:description\" content=\"Inscriu-te al nostre primer m\u00f2dul de formaci\u00f3 en obert i millora les teves habilitats.\" \/>\n<meta property=\"og:url\" content=\"https:\/\/consolvilar.com\/ca\/formacions\/formacio-en-obert\/com-gestionar-la-teva-imatge-i-comunicacio\/\" \/>\n<meta property=\"og:site_name\" content=\"Consol Vilar\" \/>\n<meta property=\"article:modified_time\" content=\"2024-04-27T10:17:00+00:00\" \/>\n<meta name=\"twitter:card\" content=\"summary_large_image\" \/>\n<meta name=\"twitter:label1\" content=\"Temps estimat de lectura\" \/>\n\t<meta name=\"twitter:data1\" content=\"2 minuts\" \/>\n<script type=\"application\/ld+json\" class=\"yoast-schema-graph\">{\"@context\":\"https:\\\/\\\/schema.org\",\"@graph\":[{\"@type\":\"WebPage\",\"@id\":\"https:\\\/\\\/consolvilar.com\\\/ca\\\/formacions\\\/formacio-en-obert\\\/com-gestionar-la-teva-imatge-i-comunicacio\\\/\",\"url\":\"https:\\\/\\\/consolvilar.com\\\/ca\\\/formacions\\\/formacio-en-obert\\\/com-gestionar-la-teva-imatge-i-comunicacio\\\/\",\"name\":\"Formaci\u00f3 en obert: m\u00f2dul 1\",\"isPartOf\":{\"@id\":\"https:\\\/\\\/consolvilar.com\\\/ca\\\/#website\"},\"datePublished\":\"2024-04-25T08:35:46+00:00\",\"dateModified\":\"2024-04-27T10:17:00+00:00\",\"description\":\"Inscriu-te al nostre primer m\u00f2dul de formaci\u00f3 en obert i millora les teves habilitats.\",\"breadcrumb\":{\"@id\":\"https:\\\/\\\/consolvilar.com\\\/ca\\\/formacions\\\/formacio-en-obert\\\/com-gestionar-la-teva-imatge-i-comunicacio\\\/#breadcrumb\"},\"inLanguage\":\"ca\",\"potentialAction\":[{\"@type\":\"ReadAction\",\"target\":[\"https:\\\/\\\/consolvilar.com\\\/ca\\\/formacions\\\/formacio-en-obert\\\/com-gestionar-la-teva-imatge-i-comunicacio\\\/\"]}]},{\"@type\":\"BreadcrumbList\",\"@id\":\"https:\\\/\\\/consolvilar.com\\\/ca\\\/formacions\\\/formacio-en-obert\\\/com-gestionar-la-teva-imatge-i-comunicacio\\\/#breadcrumb\",\"itemListElement\":[{\"@type\":\"ListItem\",\"position\":1,\"name\":\"Inici\",\"item\":\"https:\\\/\\\/consolvilar.com\\\/ca\\\/\"},{\"@type\":\"ListItem\",\"position\":2,\"name\":\"Formacions\",\"item\":\"https:\\\/\\\/consolvilar.com\\\/ca\\\/formacions\\\/\"},{\"@type\":\"ListItem\",\"position\":3,\"name\":\"Formaci\u00f3 en obert\",\"item\":\"https:\\\/\\\/consolvilar.com\\\/ca\\\/formaciones\\\/formacion-en-abierto\\\/\"},{\"@type\":\"ListItem\",\"position\":4,\"name\":\"Com gestionar la teva imatge i comunicaci\u00f3\"}]},{\"@type\":\"WebSite\",\"@id\":\"https:\\\/\\\/consolvilar.com\\\/ca\\\/#website\",\"url\":\"https:\\\/\\\/consolvilar.com\\\/ca\\\/\",\"name\":\"Consol Vilar\",\"description\":\"Imagen personal y profesional\",\"potentialAction\":[{\"@type\":\"SearchAction\",\"target\":{\"@type\":\"EntryPoint\",\"urlTemplate\":\"https:\\\/\\\/consolvilar.com\\\/ca\\\/?s={search_term_string}\"},\"query-input\":{\"@type\":\"PropertyValueSpecification\",\"valueRequired\":true,\"valueName\":\"search_term_string\"}}],\"inLanguage\":\"ca\"}]}<\/script>\n<!-- \/ Yoast SEO plugin. -->","yoast_head_json":{"title":"Formaci\u00f3 en obert: m\u00f2dul 1","description":"Inscriu-te al nostre primer m\u00f2dul de formaci\u00f3 en obert i millora les teves habilitats.","robots":{"index":"index","follow":"follow","max-snippet":"max-snippet:-1","max-image-preview":"max-image-preview:large","max-video-preview":"max-video-preview:-1"},"canonical":"https:\/\/consolvilar.com\/ca\/formacions\/formacio-en-obert\/com-gestionar-la-teva-imatge-i-comunicacio\/","og_locale":"ca_ES","og_type":"article","og_title":"Formaci\u00f3 en obert: m\u00f2dul 1","og_description":"Inscriu-te al nostre primer m\u00f2dul de formaci\u00f3 en obert i millora les teves habilitats.","og_url":"https:\/\/consolvilar.com\/ca\/formacions\/formacio-en-obert\/com-gestionar-la-teva-imatge-i-comunicacio\/","og_site_name":"Consol Vilar","article_modified_time":"2024-04-27T10:17:00+00:00","twitter_card":"summary_large_image","twitter_misc":{"Temps estimat de lectura":"2 minuts"},"schema":{"@context":"https:\/\/schema.org","@graph":[{"@type":"WebPage","@id":"https:\/\/consolvilar.com\/ca\/formacions\/formacio-en-obert\/com-gestionar-la-teva-imatge-i-comunicacio\/","url":"https:\/\/consolvilar.com\/ca\/formacions\/formacio-en-obert\/com-gestionar-la-teva-imatge-i-comunicacio\/","name":"Formaci\u00f3 en obert: m\u00f2dul 1","isPartOf":{"@id":"https:\/\/consolvilar.com\/ca\/#website"},"datePublished":"2024-04-25T08:35:46+00:00","dateModified":"2024-04-27T10:17:00+00:00","description":"Inscriu-te al nostre primer m\u00f2dul de formaci\u00f3 en obert i millora les teves habilitats.","breadcrumb":{"@id":"https:\/\/consolvilar.com\/ca\/formacions\/formacio-en-obert\/com-gestionar-la-teva-imatge-i-comunicacio\/#breadcrumb"},"inLanguage":"ca","potentialAction":[{"@type":"ReadAction","target":["https:\/\/consolvilar.com\/ca\/formacions\/formacio-en-obert\/com-gestionar-la-teva-imatge-i-comunicacio\/"]}]},{"@type":"BreadcrumbList","@id":"https:\/\/consolvilar.com\/ca\/formacions\/formacio-en-obert\/com-gestionar-la-teva-imatge-i-comunicacio\/#breadcrumb","itemListElement":[{"@type":"ListItem","position":1,"name":"Inici","item":"https:\/\/consolvilar.com\/ca\/"},{"@type":"ListItem","position":2,"name":"Formacions","item":"https:\/\/consolvilar.com\/ca\/formacions\/"},{"@type":"ListItem","position":3,"name":"Formaci\u00f3 en obert","item":"https:\/\/consolvilar.com\/ca\/formaciones\/formacion-en-abierto\/"},{"@type":"ListItem","position":4,"name":"Com gestionar la teva imatge i comunicaci\u00f3"}]},{"@type":"WebSite","@id":"https:\/\/consolvilar.com\/ca\/#website","url":"https:\/\/consolvilar.com\/ca\/","name":"Consol Vilar","description":"Imagen personal y profesional","potentialAction":[{"@type":"SearchAction","target":{"@type":"EntryPoint","urlTemplate":"https:\/\/consolvilar.com\/ca\/?s={search_term_string}"},"query-input":{"@type":"PropertyValueSpecification","valueRequired":true,"valueName":"search_term_string"}}],"inLanguage":"ca"}]}},"_links":{"self":[{"href":"https:\/\/consolvilar.com\/ca\/wp-json\/wp\/v2\/pages\/17804","targetHints":{"allow":["GET"]}}],"collection":[{"href":"https:\/\/consolvilar.com\/ca\/wp-json\/wp\/v2\/pages"}],"about":[{"href":"https:\/\/consolvilar.com\/ca\/wp-json\/wp\/v2\/types\/page"}],"author":[{"embeddable":true,"href":"https:\/\/consolvilar.com\/ca\/wp-json\/wp\/v2\/users\/3"}],"replies":[{"embeddable":true,"href":"https:\/\/consolvilar.com\/ca\/wp-json\/wp\/v2\/comments?post=17804"}],"version-history":[{"count":7,"href":"https:\/\/consolvilar.com\/ca\/wp-json\/wp\/v2\/pages\/17804\/revisions"}],"predecessor-version":[{"id":18410,"href":"https:\/\/consolvilar.com\/ca\/wp-json\/wp\/v2\/pages\/17804\/revisions\/18410"}],"up":[{"embeddable":true,"href":"https:\/\/consolvilar.com\/ca\/wp-json\/wp\/v2\/pages\/17819"}],"wp:attachment":[{"href":"https:\/\/consolvilar.com\/ca\/wp-json\/wp\/v2\/media?parent=17804"}],"curies":[{"name":"wp","href":"https:\/\/api.w.org\/{rel}","templated":true}]}}