{"id":17809,"date":"2024-04-25T10:41:37","date_gmt":"2024-04-25T08:41:37","guid":{"rendered":"https:\/\/consolvilar.com\/contacte\/"},"modified":"2024-05-06T12:34:32","modified_gmt":"2024-05-06T10:34:32","slug":"contacte","status":"publish","type":"page","link":"https:\/\/consolvilar.com\/ca\/contacte\/","title":{"rendered":"Contacte"},"content":{"rendered":"\n<style type=\"text\/css\" data-created_by=\"avia_inline_auto\" id=\"style-css-av-ltmqety3-2838acde9ac1b7231f57d26311a72458\">\n.avia-section.av-ltmqety3-2838acde9ac1b7231f57d26311a72458{\nbackground-repeat:no-repeat;\nbackground-image:url(https:\/\/consolvilar.com\/wp-content\/uploads\/2024\/04\/consol-vilar-contacto-scaled.jpg);\nbackground-position:50% 50%;\nbackground-attachment:scroll;\n}\n.avia-section.av-ltmqety3-2838acde9ac1b7231f57d26311a72458 .av-section-color-overlay{\nopacity:0.5;\nbackground-color:#0a0707;\n}\n<\/style>\n<div id='av_section_1'  class='avia-section av-ltmqety3-2838acde9ac1b7231f57d26311a72458 footer_color avia-section-default avia-no-border-styling  avia-builder-el-0  el_before_av_one_fifth  avia-builder-el-first  top-banner avia-full-stretch avia-bg-style-scroll av-section-color-overlay-active av-minimum-height av-minimum-height-60 av-height-percent  container_wrap fullsize'  data-section-bg-repeat='stretch' data-av_minimum_height_pc='60' data-av_min_height_opt='percent'><div class=\"av-section-color-overlay-wrap\"><div class=\"av-section-color-overlay\"><\/div><div class='container av-section-cont-open' ><main  role=\"main\" itemprop=\"mainContentOfPage\"  class='template-page content  av-content-full alpha units'><div class='post-entry post-entry-type-page post-entry-17809'><div class='entry-content-wrapper clearfix'>\n<div  class='flex_column av-4ktq8-47e43e8ce6cb3334f0cda61cae2b319f av_one_half  avia-builder-el-1  el_before_av_one_half  avia-builder-el-first  first flex_column_div  '     ><\/div><div  class='flex_column av-eh2o-7da97d32b4ee1af987f7f134704f1212 av_one_half  avia-builder-el-2  el_after_av_one_half  avia-builder-el-last  flex_column_div  '     ><p><br \/>\n\n<style type=\"text\/css\" data-created_by=\"avia_inline_auto\" id=\"style-css-av-ltmqe923-95be50d4e6405d8f2178d14690fe7b6d\">\n#top .av-special-heading.av-ltmqe923-95be50d4e6405d8f2178d14690fe7b6d{\npadding-bottom:20px;\n}\nbody .av-special-heading.av-ltmqe923-95be50d4e6405d8f2178d14690fe7b6d .av-special-heading-tag .heading-char{\nfont-size:25px;\n}\n.av-special-heading.av-ltmqe923-95be50d4e6405d8f2178d14690fe7b6d .av-subheading{\nfont-size:15px;\n}\n<\/style>\n<div  class='av-special-heading av-ltmqe923-95be50d4e6405d8f2178d14690fe7b6d av-special-heading-h1 blockquote modern-quote  avia-builder-el-4  el_after_av_codeblock  el_before_av_textblock '><h1 class='av-special-heading-tag '  itemprop=\"headline\"  >Transmet la teva millor versi\u00f3<\/h1><div class=\"special-heading-border\"><div class=\"special-heading-inner-border\"><\/div><\/div><\/div><br \/>\n<section  class='av_textblock_section av-3c9y4-078d788e2dfe111b3498ffebfa458654 '   itemscope=\"itemscope\" itemtype=\"https:\/\/schema.org\/CreativeWork\" ><div class='avia_textblock'  itemprop=\"text\" ><p>Mitjan\u00e7ant una imatge i una comunicaci\u00f3 efica\u00e7.<\/p>\n<\/div><\/section><\/p><\/div><\/div><\/div><\/main><!-- close content main element --><\/div><\/div><\/div><div id='after_section_1'  class='main_color av_default_container_wrap container_wrap fullsize'  ><div class='container av-section-cont-open' ><div class='template-page content  av-content-full alpha units'><div class='post-entry post-entry-type-page post-entry-17809'><div class='entry-content-wrapper clearfix'><div  class='flex_column av-2v61w-c3e4258473f30e1a59e68b1e70483d8b av_one_fifth  avia-builder-el-6  el_after_av_section  el_before_av_three_fifth  avia-builder-el-first  first flex_column_div  '     ><\/div><\/p>\n<div  class='flex_column av-29qws-60bc48062c888fe0ce0fee70bc831d6b av_three_fifth  avia-builder-el-7  el_after_av_one_fifth  el_before_av_one_fifth  flex_column_div  '     ><section  class='av_textblock_section av-ltmqdclf-8bb4a00aa3e52e26e2bb85f710b8fadf '   itemscope=\"itemscope\" itemtype=\"https:\/\/schema.org\/CreativeWork\" ><div class='avia_textblock'  itemprop=\"text\" ><blockquote>\n<h2 style=\"text-align: left;\">Parlem?<\/h2>\n<\/blockquote>\n<p class=\"p2\">Pots contactar amb nosaltres a trav\u00e9s de:<\/p>\n<p class=\"p2\"><strong>Correu electr\u00f2nic<\/strong> : <a href=\"mailto:info@consolvilar.com\">info@consolvilar.com<\/a> o per <strong>tel\u00e8fon o Whatsapp<\/strong> : <a href=\"tel:609 %20358% 20414\">609 358 414<\/a><\/p>\n<\/div><\/section><br \/>\n<form action=\"https:\/\/consolvilar.com\/ca\/contacte\/\" method=\"post\" data-fields-with-error=\"Found errors in the following field(s):\" class=\"avia_ajax_form av-form-labels-hidden   avia-builder-el-9  el_after_av_textblock  avia-builder-el-last  av-custom-form-color av-dark-form \" data-avia-form-id=\"1\" data-avia-redirect='' ><fieldset><p class='  first_form  form_element form_element_half' id='element_avia_1_1'><label for=\"avia_1_1\">Nom <abbr class=\"required\" title=\"obligatori\">*<\/abbr><\/label> <input name=\"avia_1_1\" class=\"text_input is_empty\" type=\"text\" id=\"avia_1_1\" value=\"\"  placeholder='Nom*'\/><\/p><p class='  form_element form_element_half' id='element_avia_2_1'><label for=\"avia_2_1\">Correu electr\u00f2nic <abbr class=\"required\" title=\"obligatori\">*<\/abbr><\/label> <input name=\"avia_2_1\" class=\"text_input is_email\" type=\"text\" id=\"avia_2_1\" value=\"\"  placeholder='Correu electr\u00f2nic*'\/><\/p><p class='  first_form  form_element form_element_half' id='element_avia_3_1'><label for=\"avia_3_1\">Tel\u00e8fon<\/label> <input name=\"avia_3_1\" class=\"text_input \" type=\"text\" id=\"avia_3_1\" value=\"\"  placeholder='Tel\u00e8fon'\/><\/p><p class='  form_element form_element_half' id='element_avia_4_1'><label for=\"avia_4_1\">Ciutat<\/label> <input name=\"avia_4_1\" class=\"text_input \" type=\"text\" id=\"avia_4_1\" value=\"\"  placeholder='Ciutat'\/><\/p><p class='  first_form  form_element form_fullwidth' id='element_avia_5_1'><label for=\"avia_5_1\" class=\"textare_label hidden textare_label_avia_5_1\">Missatge<\/label><textarea  placeholder='Missatge' name=\"avia_5_1\" class=\"text_area \" cols=\"40\" rows=\"7\" id=\"avia_5_1\" ><\/textarea><\/p><p class=\"hidden\"><input type=\"text\" name=\"avia_6_1\" class=\"hidden \" id=\"avia_6_1\" value=\"\" \/><\/p><div id='avia_7_1' class='av-recaptcha-area  first_form  form_element form_fullwidth av-last-visible-form-element '  data-container_class=\"\" data-custom_class=\"\" data-context=\"av_contact_form\" data-token_input=\"av_recaptcha_token\" data-version=\"avia_recaptcha_v3\" data-theme=\"light\" data-size=\"normal\" data-score=\"0.5\" data-text_to_preview=\"\" data-value=\"\"><div class=\"av-google-badge-message hidden\">Aquest lloc est\u00e0 protegit per reCAPTCHA i la <a href=\"https:\/\/policies.google.com\/privacy\"> Pol\u00edtica de privadesa <\/a> de Google i <a href=\"https:\/\/policies.google.com\/terms\"> Condicions del servei <\/a> aplicables.<\/div><\/div><p class=' av_form_privacy_check av_contact_privacy_check first_form  form_element form_fullwidth' id='element_avia_8_1'><input  name=\"avia_8_1\" class=\"input_checkbox is_empty\" type=\"checkbox\" id=\"avia_8_1\" value=\"true\"\/><label class=\"input_checkbox_label\" for=\"avia_8_1\">Accepto els termes i condicions establerts a la <a href='https:\/\/consolvilar.com\/politica-privacidad\/' target='_blank'>Pol\u00edtica de privacitat<\/a> <abbr class=\"required\" title=\"obligatori\">*<\/abbr><\/label><\/p><p class=\"form_element \"><input type=\"hidden\" value=\"1\" name=\"avia_generated_form1\" \/><input type=\"submit\" value=\"Enviar\" class=\"button\"  data-sending-label=\"Enviant\"\/><\/p><\/fieldset><div class=\"avia-disabled-form\">Aquest formulari de contacte est\u00e0 desactivat perqu\u00e8 es negava a acceptar el servei de reCaptcha de Google que \u00e9s necessari per validar qualsevol missatge enviat pel formulari.<\/div><\/form><div id=\"ajaxresponse_1\" class=\"ajaxresponse ajaxresponse_1 hidden\"><\/div><\/p><\/div>\n<div  class='flex_column av-1dgc0-259946f7044d4064f9bfb5ee4c6f5f9a av_one_fifth  avia-builder-el-10  el_after_av_three_fifth  avia-builder-el-last  flex_column_div  '     ><\/div>\n","protected":false},"excerpt":{"rendered":"","protected":false},"author":3,"featured_media":0,"parent":0,"menu_order":0,"comment_status":"closed","ping_status":"closed","template":"","meta":{"footnotes":""},"class_list":["post-17809","page","type-page","status-publish","hentry"],"yoast_head":"<!-- This site is optimized with the Yoast SEO plugin v27.3 - https:\/\/yoast.com\/product\/yoast-seo-wordpress\/ -->\n<title>Contacta amb Consol Vilar<\/title>\n<meta name=\"description\" content=\"Som aqu\u00ed per ajudar-te. Troba totes les maneres de contactar-nos.\" \/>\n<meta name=\"robots\" content=\"index, follow, max-snippet:-1, max-image-preview:large, max-video-preview:-1\" \/>\n<link rel=\"canonical\" href=\"https:\/\/consolvilar.com\/ca\/contacte\/\" \/>\n<meta property=\"og:locale\" content=\"ca_ES\" \/>\n<meta property=\"og:type\" content=\"article\" \/>\n<meta property=\"og:title\" content=\"Contacta amb Consol Vilar\" \/>\n<meta property=\"og:description\" content=\"Som aqu\u00ed per ajudar-te. Troba totes les maneres de contactar-nos.\" \/>\n<meta property=\"og:url\" content=\"https:\/\/consolvilar.com\/ca\/contacte\/\" \/>\n<meta property=\"og:site_name\" content=\"Consol Vilar\" \/>\n<meta property=\"article:modified_time\" content=\"2024-05-06T10:34:32+00:00\" \/>\n<meta name=\"twitter:card\" content=\"summary_large_image\" \/>\n<meta name=\"twitter:label1\" content=\"Temps estimat de lectura\" \/>\n\t<meta name=\"twitter:data1\" content=\"1 minut\" \/>\n<script type=\"application\/ld+json\" class=\"yoast-schema-graph\">{\"@context\":\"https:\\\/\\\/schema.org\",\"@graph\":[{\"@type\":\"WebPage\",\"@id\":\"https:\\\/\\\/consolvilar.com\\\/ca\\\/contacte\\\/\",\"url\":\"https:\\\/\\\/consolvilar.com\\\/ca\\\/contacte\\\/\",\"name\":\"Contacta amb Consol Vilar\",\"isPartOf\":{\"@id\":\"https:\\\/\\\/consolvilar.com\\\/ca\\\/#website\"},\"datePublished\":\"2024-04-25T08:41:37+00:00\",\"dateModified\":\"2024-05-06T10:34:32+00:00\",\"description\":\"Som aqu\u00ed per ajudar-te. Troba totes les maneres de contactar-nos.\",\"breadcrumb\":{\"@id\":\"https:\\\/\\\/consolvilar.com\\\/ca\\\/contacte\\\/#breadcrumb\"},\"inLanguage\":\"ca\",\"potentialAction\":[{\"@type\":\"ReadAction\",\"target\":[\"https:\\\/\\\/consolvilar.com\\\/ca\\\/contacte\\\/\"]}]},{\"@type\":\"BreadcrumbList\",\"@id\":\"https:\\\/\\\/consolvilar.com\\\/ca\\\/contacte\\\/#breadcrumb\",\"itemListElement\":[{\"@type\":\"ListItem\",\"position\":1,\"name\":\"Inici\",\"item\":\"https:\\\/\\\/consolvilar.com\\\/ca\\\/inicio\\\/\"},{\"@type\":\"ListItem\",\"position\":2,\"name\":\"Contacte\"}]},{\"@type\":\"WebSite\",\"@id\":\"https:\\\/\\\/consolvilar.com\\\/ca\\\/#website\",\"url\":\"https:\\\/\\\/consolvilar.com\\\/ca\\\/\",\"name\":\"Consol Vilar\",\"description\":\"Imagen personal y profesional\",\"potentialAction\":[{\"@type\":\"SearchAction\",\"target\":{\"@type\":\"EntryPoint\",\"urlTemplate\":\"https:\\\/\\\/consolvilar.com\\\/ca\\\/?s={search_term_string}\"},\"query-input\":{\"@type\":\"PropertyValueSpecification\",\"valueRequired\":true,\"valueName\":\"search_term_string\"}}],\"inLanguage\":\"ca\"}]}<\/script>\n<!-- \/ Yoast SEO plugin. -->","yoast_head_json":{"title":"Contacta amb Consol Vilar","description":"Som aqu\u00ed per ajudar-te. Troba totes les maneres de contactar-nos.","robots":{"index":"index","follow":"follow","max-snippet":"max-snippet:-1","max-image-preview":"max-image-preview:large","max-video-preview":"max-video-preview:-1"},"canonical":"https:\/\/consolvilar.com\/ca\/contacte\/","og_locale":"ca_ES","og_type":"article","og_title":"Contacta amb Consol Vilar","og_description":"Som aqu\u00ed per ajudar-te. Troba totes les maneres de contactar-nos.","og_url":"https:\/\/consolvilar.com\/ca\/contacte\/","og_site_name":"Consol Vilar","article_modified_time":"2024-05-06T10:34:32+00:00","twitter_card":"summary_large_image","twitter_misc":{"Temps estimat de lectura":"1 minut"},"schema":{"@context":"https:\/\/schema.org","@graph":[{"@type":"WebPage","@id":"https:\/\/consolvilar.com\/ca\/contacte\/","url":"https:\/\/consolvilar.com\/ca\/contacte\/","name":"Contacta amb Consol Vilar","isPartOf":{"@id":"https:\/\/consolvilar.com\/ca\/#website"},"datePublished":"2024-04-25T08:41:37+00:00","dateModified":"2024-05-06T10:34:32+00:00","description":"Som aqu\u00ed per ajudar-te. Troba totes les maneres de contactar-nos.","breadcrumb":{"@id":"https:\/\/consolvilar.com\/ca\/contacte\/#breadcrumb"},"inLanguage":"ca","potentialAction":[{"@type":"ReadAction","target":["https:\/\/consolvilar.com\/ca\/contacte\/"]}]},{"@type":"BreadcrumbList","@id":"https:\/\/consolvilar.com\/ca\/contacte\/#breadcrumb","itemListElement":[{"@type":"ListItem","position":1,"name":"Inici","item":"https:\/\/consolvilar.com\/ca\/inicio\/"},{"@type":"ListItem","position":2,"name":"Contacte"}]},{"@type":"WebSite","@id":"https:\/\/consolvilar.com\/ca\/#website","url":"https:\/\/consolvilar.com\/ca\/","name":"Consol Vilar","description":"Imagen personal y profesional","potentialAction":[{"@type":"SearchAction","target":{"@type":"EntryPoint","urlTemplate":"https:\/\/consolvilar.com\/ca\/?s={search_term_string}"},"query-input":{"@type":"PropertyValueSpecification","valueRequired":true,"valueName":"search_term_string"}}],"inLanguage":"ca"}]}},"_links":{"self":[{"href":"https:\/\/consolvilar.com\/ca\/wp-json\/wp\/v2\/pages\/17809","targetHints":{"allow":["GET"]}}],"collection":[{"href":"https:\/\/consolvilar.com\/ca\/wp-json\/wp\/v2\/pages"}],"about":[{"href":"https:\/\/consolvilar.com\/ca\/wp-json\/wp\/v2\/types\/page"}],"author":[{"embeddable":true,"href":"https:\/\/consolvilar.com\/ca\/wp-json\/wp\/v2\/users\/3"}],"replies":[{"embeddable":true,"href":"https:\/\/consolvilar.com\/ca\/wp-json\/wp\/v2\/comments?post=17809"}],"version-history":[{"count":5,"href":"https:\/\/consolvilar.com\/ca\/wp-json\/wp\/v2\/pages\/17809\/revisions"}],"predecessor-version":[{"id":18760,"href":"https:\/\/consolvilar.com\/ca\/wp-json\/wp\/v2\/pages\/17809\/revisions\/18760"}],"wp:attachment":[{"href":"https:\/\/consolvilar.com\/ca\/wp-json\/wp\/v2\/media?parent=17809"}],"curies":[{"name":"wp","href":"https:\/\/api.w.org\/{rel}","templated":true}]}}