{"id":17814,"date":"2024-04-25T10:46:22","date_gmt":"2024-04-25T08:46:22","guid":{"rendered":"https:\/\/consolvilar.com\/uniformitat-vestuari-laboral\/"},"modified":"2024-05-06T12:14:15","modified_gmt":"2024-05-06T10:14:15","slug":"uniformitat-vestuari-laboral","status":"publish","type":"page","link":"https:\/\/consolvilar.com\/ca\/consultoria\/uniformitat-vestuari-laboral\/","title":{"rendered":"Uniformitat\/Vestuari laboral"},"content":{"rendered":"\n<style type=\"text\/css\" data-created_by=\"avia_inline_auto\" id=\"style-css-av-5wcd4k-40dbd5a9e34b7626658e26d283e707dd\">\n.avia-section.av-5wcd4k-40dbd5a9e34b7626658e26d283e707dd{\nbackground-repeat:no-repeat;\nbackground-image:url(https:\/\/consolvilar.com\/wp-content\/uploads\/2024\/02\/Consol-Vilar-consultoria-5-1500x630.jpg);\nbackground-position:50% 50%;\nbackground-attachment:scroll;\n}\n.avia-section.av-5wcd4k-40dbd5a9e34b7626658e26d283e707dd .av-section-color-overlay{\nopacity:0.5;\nbackground-color:#0a0707;\n}\n<\/style>\n<div id='av_section_1'  class='avia-section av-5wcd4k-40dbd5a9e34b7626658e26d283e707dd footer_color avia-section-default avia-no-border-styling  avia-builder-el-0  el_before_av_one_full  avia-builder-el-first  top-banner avia-full-stretch avia-bg-style-scroll av-section-color-overlay-active av-minimum-height av-minimum-height-60 av-height-percent  container_wrap fullsize'  data-section-bg-repeat='stretch' data-av_minimum_height_pc='60' data-av_min_height_opt='percent'><div class=\"av-section-color-overlay-wrap\"><div class=\"av-section-color-overlay\"><\/div><div class='container av-section-cont-open' ><main  role=\"main\" itemprop=\"mainContentOfPage\"  class='template-page content  av-content-full alpha units'><div class='post-entry post-entry-type-page post-entry-17814'><div class='entry-content-wrapper clearfix'>\n<div  class='flex_column av-21jqs-2ecbf91ca020bba23e3b217343c11a39 av_one_half  avia-builder-el-1  el_before_av_one_half  avia-builder-el-first  first flex_column_div  '     ><\/div><div  class='flex_column av-5jfd5o-43ccca8cf77c044993a7854e1059730f av_one_half  avia-builder-el-2  el_after_av_one_half  avia-builder-el-last  flex_column_div  '     ><p><br \/>\n\n<style type=\"text\/css\" data-created_by=\"avia_inline_auto\" id=\"style-css-av-5e7pr8-45ec6fdfcb742f4983981d467be5aa3d\">\n#top .av-special-heading.av-5e7pr8-45ec6fdfcb742f4983981d467be5aa3d{\npadding-bottom:20px;\n}\nbody .av-special-heading.av-5e7pr8-45ec6fdfcb742f4983981d467be5aa3d .av-special-heading-tag .heading-char{\nfont-size:25px;\n}\n.av-special-heading.av-5e7pr8-45ec6fdfcb742f4983981d467be5aa3d .av-subheading{\nfont-size:15px;\n}\n<\/style>\n<div  class='av-special-heading av-5e7pr8-45ec6fdfcb742f4983981d467be5aa3d av-special-heading-h1 blockquote modern-quote  avia-builder-el-4  el_after_av_codeblock  el_before_av_textblock '><h1 class='av-special-heading-tag '  itemprop=\"headline\"  >Uniformitat\/Vestuari laboral<\/h1><div class=\"special-heading-border\"><div class=\"special-heading-inner-border\"><\/div><\/div><\/div><br \/>\n<section  class='av_textblock_section av-lq6pj06v-d36c62716f9fcd2bfa0516c21dac685f '   itemscope=\"itemscope\" itemtype=\"https:\/\/schema.org\/CreativeWork\" ><div class='avia_textblock'  itemprop=\"text\" ><p>Millora l&#8217;experi\u00e8ncia d&#8217;atenci\u00f3 al client a trav\u00e9s de la uniformitat. Treu-li el m\u00e0xim partit!<\/p>\n<\/div><\/section><\/p><\/div><\/div><\/div><\/main><!-- close content main element --><\/div><\/div><\/div><div id='after_section_1'  class='main_color av_default_container_wrap container_wrap fullsize'  ><div class='container av-section-cont-open' ><div class='template-page content  av-content-full alpha units'><div class='post-entry post-entry-type-page post-entry-17814'><div class='entry-content-wrapper clearfix'><div  class='flex_column av-9wbj0-7f14360818c3a8c9056f53c0adb2b204 av_one_full  avia-builder-el-6  el_after_av_section  el_before_av_hr  avia-builder-el-first  first flex_column_div  '     ><section  class='av_textblock_section av-lq6pkjyw-d97b04cb02f8e93e73fe91dbda1917d1 '   itemscope=\"itemscope\" itemtype=\"https:\/\/schema.org\/CreativeWork\" ><div class='avia_textblock'  itemprop=\"text\" ><blockquote>\n<p style=\"text-align: center;\">L&#8217;uniforme \u00e9s un element transformador!<\/p>\n<\/blockquote>\n<\/div><\/section><br \/>\n<section  class='av_textblock_section av-lq6pop82-2dfc2e03152de715b2197448fed77bb1 '   itemscope=\"itemscope\" itemtype=\"https:\/\/schema.org\/CreativeWork\" ><div class='avia_textblock'  itemprop=\"text\" ><p>L&#8217;uniforme de la vostra empresa \u00e9s una eina d&#8217;expressi\u00f3, impacte, influ\u00e8ncia i identitat corporativa.<\/p>\n<\/div><\/section><\/p><\/div><\/p>\n\n<style type=\"text\/css\" data-created_by=\"avia_inline_auto\" id=\"style-css-av-26ubw-53e836f1c059a050b5cfc1f1a778fded\">\n#top .hr.hr-invisible.av-26ubw-53e836f1c059a050b5cfc1f1a778fded{\nheight:50px;\n}\n<\/style>\n<div  class='hr av-26ubw-53e836f1c059a050b5cfc1f1a778fded hr-invisible  avia-builder-el-9  el_after_av_one_full  el_before_av_three_fifth '><span class='hr-inner '><span class=\"hr-inner-style\"><\/span><\/span><\/div>\n<div  class='flex_column av-9swuc-3b9fbbbe6023ef7eea70e2d5b0d872fa av_three_fifth  avia-builder-el-10  el_after_av_hr  el_before_av_two_fifth  first flex_column_div  '     ><div  class='tabcontainer av-lq6rleiv-41f078caaf4f169fcd0db3882d04ad0e top_tab  avia-builder-el-11  avia-builder-el-no-sibling '>\n<section class='av_tab_section av_tab_section av-lq6rkmac-ef6f35a04aa4b466f1f8763a0b0643f7'  itemscope=\"itemscope\" itemtype=\"https:\/\/schema.org\/CreativeWork\" ><div id='tab-id-1-tab' class='tab active_tab' role='tab' aria-selected=\"true\" tabindex=\"0\" data-fake-id='#tab-id-1' aria-controls='tab-id-1-content'  itemprop=\"headline\" >Qu\u00e8 aconseguir\u00e0s?<\/div><div id='tab-id-1-content' class='tab_content active_tab_content' role='tabpanel' aria-labelledby='tab-id-1-tab' aria-hidden=\"false\"><div class='tab_inner_content invers-color'  itemprop=\"text\" ><h3>Objectius<\/h3>\n<ul>\n<li>Analitza i desenvolupa uniformes personalitzats alineats amb l&#8217;activitat, els objectius i els valors de l&#8217;empresa.<\/li>\n<li>Enforteix la carta de presentaci\u00f3 dels treballadors, imatge corporativa i de marca.<\/li>\n<li>Potencia la primera impressi\u00f3 i igualtat.<\/li>\n<li>Facilita la integraci\u00f3 dels uniformes als diferents col\u00b7lectius.<\/li>\n<\/ul>\n<\/div><\/div><\/section>\n<section class='av_tab_section av_tab_section av-lq6rldhx-08264bf104dc4f5ee227e8fee2f41ee4'  itemscope=\"itemscope\" itemtype=\"https:\/\/schema.org\/CreativeWork\" ><div id='tab-id-2-tab' class='tab' role='tab' aria-selected=\"false\" tabindex=\"0\" data-fake-id='#tab-id-2' aria-controls='tab-id-2-content'  itemprop=\"headline\" >Qu\u00e8 treballarem?<\/div><div id='tab-id-2-content' class='tab_content' role='tabpanel' aria-labelledby='tab-id-2-tab' aria-hidden=\"true\"><div class='tab_inner_content invers-color'  itemprop=\"text\" ><h3>Contingut<\/h3>\n<ul>\n<li>Proposta d&#8217;uniformes segons l&#8217;activitat professional, els objectius, els valors i la filosofia d&#8217;empresa que aportin comoditat, seguretat i benestar. Transmet el missatge que vols donar!<\/li>\n<\/ul>\n<\/div><\/div><\/section>\n<section class='av_tab_section av_tab_section av-lq6rldhx-2-a23179f61395f07840720ac0987e4107'  itemscope=\"itemscope\" itemtype=\"https:\/\/schema.org\/CreativeWork\" ><div id='tab-id-3-tab' class='tab' role='tab' aria-selected=\"false\" tabindex=\"0\" data-fake-id='#tab-id-3' aria-controls='tab-id-3-content'  itemprop=\"headline\" >Com ho farem?<\/div><div id='tab-id-3-content' class='tab_content' role='tabpanel' aria-labelledby='tab-id-3-tab' aria-hidden=\"true\"><div class='tab_inner_content invers-color'  itemprop=\"text\" ><h3>M\u00e8tode de treball<\/h3>\n<ul>\n<li>Reuni\u00f3 per con\u00e8ixer l&#8217;empresa: necessitats, imatge, valors, cultura d&#8217;empresa, etc.<\/li>\n<li>Presentaci\u00f3 de propostes.<\/li>\n<li>Elaboraci\u00f3 dels uniformes escollits.<\/li>\n<li>Lliurament d&#8217;uniformes i manual de vestimenta.<\/li>\n<li>Seguiment personalitzat.<\/li>\n<li>Formaci\u00f3 espec\u00edfica per valorar i integrar els uniformes de manera efica\u00e7 sense perdre la identitat. (Opcional)<\/li>\n<\/ul>\n<\/div><\/div><\/section>\n<section class='av_tab_section av_tab_section av-lq6rldhx-2-1-c61fc044b1f3a0cefd1c992125a819fb'  itemscope=\"itemscope\" itemtype=\"https:\/\/schema.org\/CreativeWork\" ><div id='tab-id-4-tab' class='tab' role='tab' aria-selected=\"false\" tabindex=\"0\" data-fake-id='#tab-id-4' aria-controls='tab-id-4-content'  itemprop=\"headline\" >Preu<\/div><div id='tab-id-4-content' class='tab_content' role='tabpanel' aria-labelledby='tab-id-4-tab' aria-hidden=\"true\"><div class='tab_inner_content invers-color'  itemprop=\"text\" ><p>Pressupost a mida. Consultar.<\/p>\n<\/div><\/div><\/section>\n<\/div><\/div>\n<div  class='flex_column av-e1fl0-440c5e7ec1ee33d478f0a344b23d44ba av_two_fifth  avia-builder-el-12  el_after_av_three_fifth  el_before_av_hr  flex_column_div  '     ><style type=\"text\/css\" data-created_by=\"avia_inline_auto\" id=\"style-css-av-lq6qxorl-b8963e771e28932ed6bc1cddd66433aa\">\n.avia-image-container.av-lq6qxorl-b8963e771e28932ed6bc1cddd66433aa img.avia_image{\nbox-shadow:none;\n}\n.avia-image-container.av-lq6qxorl-b8963e771e28932ed6bc1cddd66433aa .av-image-caption-overlay-center{\ncolor:#ffffff;\n}\n<\/style>\n<div  class='avia-image-container av-lq6qxorl-b8963e771e28932ed6bc1cddd66433aa av-styling- avia-align-center  avia-builder-el-13  avia-builder-el-no-sibling  img-gris'   itemprop=\"image\" itemscope=\"itemscope\" itemtype=\"https:\/\/schema.org\/ImageObject\" ><div class=\"avia-image-container-inner\"><div class=\"avia-image-overlay-wrap\"><img decoding=\"async\" fetchpriority=\"high\" class='wp-image-1725 avia-img-lazy-loading-not-1725 avia_image ' src=\"https:\/\/consolvilar.com\/wp-content\/uploads\/2024\/04\/Consol-Vilar-10-700x700.jpg\" alt='' title='Consol-Vilar-10'  height=\"700\" width=\"700\"  itemprop=\"thumbnailUrl\" srcset=\"https:\/\/consolvilar.com\/wp-content\/uploads\/2024\/04\/Consol-Vilar-10-700x700.jpg 700w, https:\/\/consolvilar.com\/wp-content\/uploads\/2024\/04\/Consol-Vilar-10-300x300.jpg 300w, https:\/\/consolvilar.com\/wp-content\/uploads\/2024\/04\/Consol-Vilar-10-1030x1030.jpg 1030w, https:\/\/consolvilar.com\/wp-content\/uploads\/2024\/04\/Consol-Vilar-10-80x80.jpg 80w, https:\/\/consolvilar.com\/wp-content\/uploads\/2024\/04\/Consol-Vilar-10-768x768.jpg 768w, https:\/\/consolvilar.com\/wp-content\/uploads\/2024\/04\/Consol-Vilar-10-1536x1536.jpg 1536w, https:\/\/consolvilar.com\/wp-content\/uploads\/2024\/04\/Consol-Vilar-10-36x36.jpg 36w, https:\/\/consolvilar.com\/wp-content\/uploads\/2024\/04\/Consol-Vilar-10-1500x1500.jpg 1500w, https:\/\/consolvilar.com\/wp-content\/uploads\/2024\/04\/Consol-Vilar-10-705x705.jpg 705w, https:\/\/consolvilar.com\/wp-content\/uploads\/2024\/04\/Consol-Vilar-10.jpg 1620w\" sizes=\"(max-width: 700px) 100vw, 700px\" \/><\/div><\/div><\/div><\/div>\n\n<style type=\"text\/css\" data-created_by=\"avia_inline_auto\" id=\"style-css-av-lqz2x55v-4e76911b8b747c1966b98d2f605b4a83\">\n#top .hr.hr-invisible.av-lqz2x55v-4e76911b8b747c1966b98d2f605b4a83{\nheight:20px;\n}\n<\/style>\n<div  class='hr av-lqz2x55v-4e76911b8b747c1966b98d2f605b4a83 hr-invisible  avia-builder-el-14  el_after_av_two_fifth  el_before_av_one_fourth '><span class='hr-inner '><span class=\"hr-inner-style\"><\/span><\/span><\/div>\n<div  class='flex_column av-ijut0-d2126c1559994de7527545673068dc65 av_one_fourth  avia-builder-el-15  el_after_av_hr  el_before_av_one_half  first flex_column_div  '     ><\/div>\n<div  class='flex_column av-fvyn8-02b62dc33f1201b209f21240b6e93998 av_one_half  avia-builder-el-16  el_after_av_one_fourth  el_before_av_one_fourth  flex_column_div  '     ><section  class='av_textblock_section av-lqz2vnnc-2b80c757cf8e77ab12f85c1bc91536f0 '   itemscope=\"itemscope\" itemtype=\"https:\/\/schema.org\/CreativeWork\" ><div class='avia_textblock'  itemprop=\"text\" ><blockquote>\n<p style=\"text-align: center;\">Impacta amb la Uniformitat!<\/p>\n<\/blockquote>\n<\/div><\/section><br \/>\n<div  class='avia-button-wrap avia-button-center  avia-builder-el-18  el_after_av_textblock  avia-builder-el-last '>\n<style type=\"text\/css\" data-created_by=\"avia_inline_auto\" id=\"style-css-av-aucu4-53abbe67e30720072d5516dc80491ebb\">\n#top #wrap_all .avia-button.av-aucu4-53abbe67e30720072d5516dc80491ebb:hover{\ncolor:white;\ntransition:all 0.4s ease-in-out;\n}\n#top #wrap_all .avia-button.av-aucu4-53abbe67e30720072d5516dc80491ebb:hover .avia-svg-icon svg:first-child{\nfill:white;\nstroke:white;\n}\n<\/style>\n<a href='https:\/\/consolvilar.com\/contacto\/' class='avia-color-theme-color avia-font-color-theme-color avia-button avia-button-fullwidth av-aucu4-53abbe67e30720072d5516dc80491ebb avia-icon_select-no avia-color-theme-color'   aria-label=\"Contacta&#039;ns ara\"><span class='avia_iconbox_title' >Contacta'ns ara<\/span><span class='avia_button_background avia-button avia-button-fullwidth avia-color-theme-color-highlight'><\/span><\/a><\/div><\/p><\/div>\n<div  class='flex_column av-7umr0-086b80466b86a928d33cf9245041101d av_one_fourth  avia-builder-el-19  el_after_av_one_half  avia-builder-el-last  flex_column_div  '     ><\/div>\n","protected":false},"excerpt":{"rendered":"","protected":false},"author":3,"featured_media":0,"parent":17810,"menu_order":0,"comment_status":"closed","ping_status":"closed","template":"","meta":{"footnotes":""},"class_list":["post-17814","page","type-page","status-publish","hentry"],"yoast_head":"<!-- This site is optimized with the Yoast SEO plugin v27.0 - https:\/\/yoast.com\/product\/yoast-seo-wordpress\/ -->\n<title>Uniformitat en el vestuari laboral<\/title>\n<meta name=\"description\" content=\"Optimitza la uniformitat del vestuari laboral per una imatge professional i coherent.\" \/>\n<meta name=\"robots\" content=\"index, follow, max-snippet:-1, max-image-preview:large, max-video-preview:-1\" \/>\n<link rel=\"canonical\" href=\"https:\/\/consolvilar.com\/ca\/consultoria\/uniformitat-vestuari-laboral\/\" \/>\n<meta property=\"og:locale\" content=\"ca_ES\" \/>\n<meta property=\"og:type\" content=\"article\" \/>\n<meta property=\"og:title\" content=\"Uniformitat en el vestuari laboral\" \/>\n<meta property=\"og:description\" content=\"Optimitza la uniformitat del vestuari laboral per una imatge professional i coherent.\" \/>\n<meta property=\"og:url\" content=\"https:\/\/consolvilar.com\/ca\/consultoria\/uniformitat-vestuari-laboral\/\" \/>\n<meta property=\"og:site_name\" content=\"Consol Vilar\" \/>\n<meta property=\"article:modified_time\" content=\"2024-05-06T10:14:15+00:00\" \/>\n<meta name=\"twitter:card\" content=\"summary_large_image\" \/>\n<meta name=\"twitter:label1\" content=\"Temps estimat de lectura\" \/>\n\t<meta name=\"twitter:data1\" content=\"1 minut\" \/>\n<script type=\"application\/ld+json\" class=\"yoast-schema-graph\">{\"@context\":\"https:\/\/schema.org\",\"@graph\":[{\"@type\":\"WebPage\",\"@id\":\"https:\/\/consolvilar.com\/ca\/consultoria\/uniformitat-vestuari-laboral\/\",\"url\":\"https:\/\/consolvilar.com\/ca\/consultoria\/uniformitat-vestuari-laboral\/\",\"name\":\"Uniformitat en el vestuari laboral\",\"isPartOf\":{\"@id\":\"https:\/\/consolvilar.com\/ca\/#website\"},\"datePublished\":\"2024-04-25T08:46:22+00:00\",\"dateModified\":\"2024-05-06T10:14:15+00:00\",\"description\":\"Optimitza la uniformitat del vestuari laboral per una imatge professional i coherent.\",\"breadcrumb\":{\"@id\":\"https:\/\/consolvilar.com\/ca\/consultoria\/uniformitat-vestuari-laboral\/#breadcrumb\"},\"inLanguage\":\"ca\",\"potentialAction\":[{\"@type\":\"ReadAction\",\"target\":[\"https:\/\/consolvilar.com\/ca\/consultoria\/uniformitat-vestuari-laboral\/\"]}]},{\"@type\":\"BreadcrumbList\",\"@id\":\"https:\/\/consolvilar.com\/ca\/consultoria\/uniformitat-vestuari-laboral\/#breadcrumb\",\"itemListElement\":[{\"@type\":\"ListItem\",\"position\":1,\"name\":\"Inici\",\"item\":\"https:\/\/consolvilar.com\/ca\/inicio\/\"},{\"@type\":\"ListItem\",\"position\":2,\"name\":\"Consultoria\",\"item\":\"https:\/\/consolvilar.com\/ca\/consultoria\/\"},{\"@type\":\"ListItem\",\"position\":3,\"name\":\"Uniformitat\/Vestuari laboral\"}]},{\"@type\":\"WebSite\",\"@id\":\"https:\/\/consolvilar.com\/ca\/#website\",\"url\":\"https:\/\/consolvilar.com\/ca\/\",\"name\":\"Consol Vilar\",\"description\":\"Imagen personal y profesional\",\"potentialAction\":[{\"@type\":\"SearchAction\",\"target\":{\"@type\":\"EntryPoint\",\"urlTemplate\":\"https:\/\/consolvilar.com\/ca\/?s={search_term_string}\"},\"query-input\":{\"@type\":\"PropertyValueSpecification\",\"valueRequired\":true,\"valueName\":\"search_term_string\"}}],\"inLanguage\":\"ca\"}]}<\/script>\n<!-- \/ Yoast SEO plugin. -->","yoast_head_json":{"title":"Uniformitat en el vestuari laboral","description":"Optimitza la uniformitat del vestuari laboral per una imatge professional i coherent.","robots":{"index":"index","follow":"follow","max-snippet":"max-snippet:-1","max-image-preview":"max-image-preview:large","max-video-preview":"max-video-preview:-1"},"canonical":"https:\/\/consolvilar.com\/ca\/consultoria\/uniformitat-vestuari-laboral\/","og_locale":"ca_ES","og_type":"article","og_title":"Uniformitat en el vestuari laboral","og_description":"Optimitza la uniformitat del vestuari laboral per una imatge professional i coherent.","og_url":"https:\/\/consolvilar.com\/ca\/consultoria\/uniformitat-vestuari-laboral\/","og_site_name":"Consol Vilar","article_modified_time":"2024-05-06T10:14:15+00:00","twitter_card":"summary_large_image","twitter_misc":{"Temps estimat de lectura":"1 minut"},"schema":{"@context":"https:\/\/schema.org","@graph":[{"@type":"WebPage","@id":"https:\/\/consolvilar.com\/ca\/consultoria\/uniformitat-vestuari-laboral\/","url":"https:\/\/consolvilar.com\/ca\/consultoria\/uniformitat-vestuari-laboral\/","name":"Uniformitat en el vestuari laboral","isPartOf":{"@id":"https:\/\/consolvilar.com\/ca\/#website"},"datePublished":"2024-04-25T08:46:22+00:00","dateModified":"2024-05-06T10:14:15+00:00","description":"Optimitza la uniformitat del vestuari laboral per una imatge professional i coherent.","breadcrumb":{"@id":"https:\/\/consolvilar.com\/ca\/consultoria\/uniformitat-vestuari-laboral\/#breadcrumb"},"inLanguage":"ca","potentialAction":[{"@type":"ReadAction","target":["https:\/\/consolvilar.com\/ca\/consultoria\/uniformitat-vestuari-laboral\/"]}]},{"@type":"BreadcrumbList","@id":"https:\/\/consolvilar.com\/ca\/consultoria\/uniformitat-vestuari-laboral\/#breadcrumb","itemListElement":[{"@type":"ListItem","position":1,"name":"Inici","item":"https:\/\/consolvilar.com\/ca\/inicio\/"},{"@type":"ListItem","position":2,"name":"Consultoria","item":"https:\/\/consolvilar.com\/ca\/consultoria\/"},{"@type":"ListItem","position":3,"name":"Uniformitat\/Vestuari laboral"}]},{"@type":"WebSite","@id":"https:\/\/consolvilar.com\/ca\/#website","url":"https:\/\/consolvilar.com\/ca\/","name":"Consol Vilar","description":"Imagen personal y profesional","potentialAction":[{"@type":"SearchAction","target":{"@type":"EntryPoint","urlTemplate":"https:\/\/consolvilar.com\/ca\/?s={search_term_string}"},"query-input":{"@type":"PropertyValueSpecification","valueRequired":true,"valueName":"search_term_string"}}],"inLanguage":"ca"}]}},"_links":{"self":[{"href":"https:\/\/consolvilar.com\/ca\/wp-json\/wp\/v2\/pages\/17814","targetHints":{"allow":["GET"]}}],"collection":[{"href":"https:\/\/consolvilar.com\/ca\/wp-json\/wp\/v2\/pages"}],"about":[{"href":"https:\/\/consolvilar.com\/ca\/wp-json\/wp\/v2\/types\/page"}],"author":[{"embeddable":true,"href":"https:\/\/consolvilar.com\/ca\/wp-json\/wp\/v2\/users\/3"}],"replies":[{"embeddable":true,"href":"https:\/\/consolvilar.com\/ca\/wp-json\/wp\/v2\/comments?post=17814"}],"version-history":[{"count":6,"href":"https:\/\/consolvilar.com\/ca\/wp-json\/wp\/v2\/pages\/17814\/revisions"}],"predecessor-version":[{"id":18738,"href":"https:\/\/consolvilar.com\/ca\/wp-json\/wp\/v2\/pages\/17814\/revisions\/18738"}],"up":[{"embeddable":true,"href":"https:\/\/consolvilar.com\/ca\/wp-json\/wp\/v2\/pages\/17810"}],"wp:attachment":[{"href":"https:\/\/consolvilar.com\/ca\/wp-json\/wp\/v2\/media?parent=17814"}],"curies":[{"name":"wp","href":"https:\/\/api.w.org\/{rel}","templated":true}]}}