{"id":17822,"date":"2024-04-25T10:48:33","date_gmt":"2024-04-25T08:48:33","guid":{"rendered":"https:\/\/consolvilar.com\/estudi-destil-de-vestir\/"},"modified":"2024-05-06T12:14:43","modified_gmt":"2024-05-06T10:14:43","slug":"estudi-destil-de-vestir","status":"publish","type":"page","link":"https:\/\/consolvilar.com\/ca\/consultoria\/estudi-destil-de-vestir\/","title":{"rendered":"Estudi d&#8217;estil de vestir"},"content":{"rendered":"\n<style type=\"text\/css\" data-created_by=\"avia_inline_auto\" id=\"style-css-av-5wcd4k-32b9c16fc20bda561e187f719b5e3485\">\n.avia-section.av-5wcd4k-32b9c16fc20bda561e187f719b5e3485{\nbackground-repeat:no-repeat;\nbackground-image:url(https:\/\/consolvilar.com\/wp-content\/uploads\/2024\/02\/Consol-Vilar-6.jpg);\nbackground-position:50% 50%;\nbackground-attachment:scroll;\n}\n.avia-section.av-5wcd4k-32b9c16fc20bda561e187f719b5e3485 .av-section-color-overlay{\nopacity:0.5;\nbackground-color:#0a0707;\n}\n<\/style>\n<div id='av_section_1'  class='avia-section av-5wcd4k-32b9c16fc20bda561e187f719b5e3485 footer_color avia-section-default avia-no-border-styling  avia-builder-el-0  el_before_av_one_full  avia-builder-el-first  top-banner avia-full-stretch avia-bg-style-scroll av-section-color-overlay-active av-minimum-height av-minimum-height-60 av-height-percent  container_wrap fullsize'  data-section-bg-repeat='stretch' data-av_minimum_height_pc='60' data-av_min_height_opt='percent'><div class=\"av-section-color-overlay-wrap\"><div class=\"av-section-color-overlay\"><\/div><div class='container av-section-cont-open' ><main  role=\"main\" itemprop=\"mainContentOfPage\"  class='template-page content  av-content-full alpha units'><div class='post-entry post-entry-type-page post-entry-17822'><div class='entry-content-wrapper clearfix'>\n<div  class='flex_column av-21jqs-2ecbf91ca020bba23e3b217343c11a39 av_one_half  avia-builder-el-1  el_before_av_one_half  avia-builder-el-first  first flex_column_div  '     ><\/div><div  class='flex_column av-5jfd5o-43ccca8cf77c044993a7854e1059730f av_one_half  avia-builder-el-2  el_after_av_one_half  avia-builder-el-last  flex_column_div  '     ><p><br \/>\n\n<style type=\"text\/css\" data-created_by=\"avia_inline_auto\" id=\"style-css-av-5e7pr8-05a17edd1e6dc5de3b96bb278be23ac7\">\n#top .av-special-heading.av-5e7pr8-05a17edd1e6dc5de3b96bb278be23ac7{\npadding-bottom:20px;\n}\nbody .av-special-heading.av-5e7pr8-05a17edd1e6dc5de3b96bb278be23ac7 .av-special-heading-tag .heading-char{\nfont-size:25px;\n}\n.av-special-heading.av-5e7pr8-05a17edd1e6dc5de3b96bb278be23ac7 .av-subheading{\nfont-size:15px;\n}\n<\/style>\n<div  class='av-special-heading av-5e7pr8-05a17edd1e6dc5de3b96bb278be23ac7 av-special-heading-h1 blockquote modern-quote  avia-builder-el-4  el_after_av_codeblock  el_before_av_textblock '><h1 class='av-special-heading-tag '  itemprop=\"headline\"  >Estudi d\u2019estil de vestir<\/h1><div class=\"special-heading-border\"><div class=\"special-heading-inner-border\"><\/div><\/div><\/div><br \/>\n<section  class='av_textblock_section av-lq6pj06v-d36c62716f9fcd2bfa0516c21dac685f '   itemscope=\"itemscope\" itemtype=\"https:\/\/schema.org\/CreativeWork\" ><div class='avia_textblock'  itemprop=\"text\" ><p>Gestiona&#8217;l amb confian\u00e7a perqu\u00e8 la teva imatge reflecteixi la teva aut\u00e8ntica personalitat.<\/p>\n<\/div><\/section><\/p><\/div><\/div><\/div><\/main><!-- close content main element --><\/div><\/div><\/div><div id='after_section_1'  class='main_color av_default_container_wrap container_wrap fullsize'  ><div class='container av-section-cont-open' ><div class='template-page content  av-content-full alpha units'><div class='post-entry post-entry-type-page post-entry-17822'><div class='entry-content-wrapper clearfix'><div  class='flex_column av-9wbj0-7f14360818c3a8c9056f53c0adb2b204 av_one_full  avia-builder-el-6  el_after_av_section  el_before_av_hr  avia-builder-el-first  first flex_column_div  '     ><section  class='av_textblock_section av-lq6pkjyw-d97b04cb02f8e93e73fe91dbda1917d1 '   itemscope=\"itemscope\" itemtype=\"https:\/\/schema.org\/CreativeWork\" ><div class='avia_textblock'  itemprop=\"text\" ><blockquote>\n<p style=\"text-align: left;\">El teu estil de vestir \u00e9s \u00fanic i intransferible!<\/p>\n<\/blockquote>\n<\/div><\/section><br \/>\n<section  class='av_textblock_section av-lq6pop82-2dfc2e03152de715b2197448fed77bb1 '   itemscope=\"itemscope\" itemtype=\"https:\/\/schema.org\/CreativeWork\" ><div class='avia_textblock'  itemprop=\"text\" ><p>Assessoria pr\u00e0ctica i personalitzada per ajudar-te a identificar i\/o enfortir el teu estil. Apr\u00e8n a <strong>crear looks\/outfits<\/strong> que reflecteixin la teva identitat. Obtingues un <strong>armari vers\u00e0til<\/strong> d&#8217;acord amb el teu estil i objectius. Gestiona el teu estil amb <strong>flexibilitat i confian\u00e7a<\/strong> en qualsevol entorn personal i professional.<\/p>\n<\/div><\/section><\/p><\/div><\/p>\n\n<style type=\"text\/css\" data-created_by=\"avia_inline_auto\" id=\"style-css-av-26ubw-53e836f1c059a050b5cfc1f1a778fded\">\n#top .hr.hr-invisible.av-26ubw-53e836f1c059a050b5cfc1f1a778fded{\nheight:50px;\n}\n<\/style>\n<div  class='hr av-26ubw-53e836f1c059a050b5cfc1f1a778fded hr-invisible  avia-builder-el-9  el_after_av_one_full  el_before_av_three_fifth '><span class='hr-inner '><span class=\"hr-inner-style\"><\/span><\/span><\/div>\n<div  class='flex_column av-9swuc-3b9fbbbe6023ef7eea70e2d5b0d872fa av_three_fifth  avia-builder-el-10  el_after_av_hr  el_before_av_two_fifth  first flex_column_div  '     ><div  class='tabcontainer av-lq6rleiv-41f078caaf4f169fcd0db3882d04ad0e top_tab  avia-builder-el-11  avia-builder-el-no-sibling '>\n<section class='av_tab_section av_tab_section av-lq6rkmac-ef6f35a04aa4b466f1f8763a0b0643f7'  itemscope=\"itemscope\" itemtype=\"https:\/\/schema.org\/CreativeWork\" ><div id='tab-id-1-tab' class='tab active_tab' role='tab' aria-selected=\"true\" tabindex=\"0\" data-fake-id='#tab-id-1' aria-controls='tab-id-1-content'  itemprop=\"headline\" >Qu\u00e8 aconseguir\u00e0s?<\/div><div id='tab-id-1-content' class='tab_content active_tab_content' role='tabpanel' aria-labelledby='tab-id-1-tab' aria-hidden=\"false\"><div class='tab_inner_content invers-color'  itemprop=\"text\" ><h3>Objectius<\/h3>\n<ul>\n<li>Identifica i connecta amb el teu estil amb seguretat i confian\u00e7a.<\/li>\n<li>Crea looks\/outfits alineats a la teva tipologia corporal, ess\u00e8ncia i valors.<\/li>\n<li>Gestiona l&#8217;Estil de vestir amb flexibilitat els teus objectius sense perdre la pr\u00f2pia ess\u00e8ncia.<\/li>\n<li>Guanya autoconfian\u00e7a, autoestima, seguretat amb la imatge externa.<\/li>\n<li>Potencia una identitat visual cre\u00efble i aut\u00e8ntica.<\/li>\n<li>Incrementa visibilitat, posicionament o prestigi professional i personal.<\/li>\n<li>Influ\u00e8ncia amb la imatge de la teva carta de presentaci\u00f3 professional o marca personal.<\/li>\n<\/ul>\n<\/div><\/div><\/section>\n<section class='av_tab_section av_tab_section av-lq6rldhx-08264bf104dc4f5ee227e8fee2f41ee4'  itemscope=\"itemscope\" itemtype=\"https:\/\/schema.org\/CreativeWork\" ><div id='tab-id-2-tab' class='tab' role='tab' aria-selected=\"false\" tabindex=\"0\" data-fake-id='#tab-id-2' aria-controls='tab-id-2-content'  itemprop=\"headline\" >Qu\u00e8 treballarem?<\/div><div id='tab-id-2-content' class='tab_content' role='tabpanel' aria-labelledby='tab-id-2-tab' aria-hidden=\"true\"><div class='tab_inner_content invers-color'  itemprop=\"text\" ><h3>Contingut<\/h3>\n<ul>\n<li>Valoraci\u00f3 del teu \u201cEstil de Vestir\u201d.<\/li>\n<li>Estudi morfol\u00f2gic.<\/li>\n<li>An\u00e0lisi de peces de roba i complements m\u00e9s afavoridors segons morfologia i estil.<\/li>\n<li>Test de color per descobrir els colors que m\u00e9s us afavoreixen i com us fan sentir.<\/li>\n<li>Potenciar outfits\/looks segons estil, silueta i objectius professionals i personals.<\/li>\n<li>Fons d&#8217;armari. (Opcional)<\/li>\n<li>Ruta per una selecci\u00f3 de botigues i treballar outfits\/looks d&#8217;acord amb el propi estil.<\/li>\n<li>Informe personalitzat de l&#8217;estil de vestir.<\/li>\n<li>Seguiment pr\u00e0ctic.<\/li>\n<\/ul>\n<p><b>Opcional: An\u00e0lisi Armari<\/b><\/p>\n<p>Revisi\u00f3 de la roba i complements del teu armari per treure&#8217;ls rendibilitat segons el teu estil.<\/p>\n<\/div><\/div><\/section>\n<section class='av_tab_section av_tab_section av-lq6rldhx-2-a23179f61395f07840720ac0987e4107'  itemscope=\"itemscope\" itemtype=\"https:\/\/schema.org\/CreativeWork\" ><div id='tab-id-3-tab' class='tab' role='tab' aria-selected=\"false\" tabindex=\"0\" data-fake-id='#tab-id-3' aria-controls='tab-id-3-content'  itemprop=\"headline\" >Com ho farem?<\/div><div id='tab-id-3-content' class='tab_content' role='tabpanel' aria-labelledby='tab-id-3-tab' aria-hidden=\"true\"><div class='tab_inner_content invers-color'  itemprop=\"text\" ><h3>M\u00e8tode de treball<\/h3>\n<ul>\n<li>Entrevista sense cost per con\u00e8ixer-nos i valorar els teus objectius.<\/li>\n<li>An\u00e0lisi i definici\u00f3 del propi estil.<\/li>\n<li>6 hores de treball \u00abone to one\u00bb pr\u00e0ctic i interactiu treballades en sessions de 2 o 3 hores segons les necessitats del client\/a.<\/li>\n<li>Desenvolupament i entrega de &#8220;Manual personalitzat d&#8217;estil de vestir&#8221;.<\/li>\n<li>Seguiment personalitzat durant dos mesos en l\u00ednia o en format h\u00edbrid: Primer mes, 15 minuts setmanals via zoom o WhatsApp. Segon mes, 1 hora -presencial o en l\u00ednia-.<\/li>\n<\/ul>\n<\/div><\/div><\/section>\n<section class='av_tab_section av_tab_section av-lq6rldhx-2-1-c61fc044b1f3a0cefd1c992125a819fb'  itemscope=\"itemscope\" itemtype=\"https:\/\/schema.org\/CreativeWork\" ><div id='tab-id-4-tab' class='tab' role='tab' aria-selected=\"false\" tabindex=\"0\" data-fake-id='#tab-id-4' aria-controls='tab-id-4-content'  itemprop=\"headline\" >Preu<\/div><div id='tab-id-4-content' class='tab_content' role='tabpanel' aria-labelledby='tab-id-4-tab' aria-hidden=\"true\"><div class='tab_inner_content invers-color'  itemprop=\"text\" ><h3><strong>Preu:<\/strong> 570\u20ac<\/h3>\n<ul>\n<li>Inclou: Assessorament. Guia d&#8217;estil de vestir personalitzada. Seguiment pr\u00e0ctic en format online o h\u00edbrid.<\/li>\n<\/ul>\n<p><strong>Opcional<\/strong>: Fons d&#8217;Armari.<\/p>\n<p>Preu: 150\u20ac (2 hores) + 50\u20ac\/hora extra.<\/p>\n<p>Inclou: revisi\u00f3 armari i propostes d&#8217;outfits\/looks.<\/p>\n<p>*IVA incl\u00f2s<\/p>\n<\/div><\/div><\/section>\n<\/div><\/div>\n<div  class='flex_column av-e1fl0-440c5e7ec1ee33d478f0a344b23d44ba av_two_fifth  avia-builder-el-12  el_after_av_three_fifth  el_before_av_hr  flex_column_div  '     ><style type=\"text\/css\" data-created_by=\"avia_inline_auto\" id=\"style-css-av-lq6qxorl-8329504110e0489e21a61faeebc9b0cf\">\n.avia-image-container.av-lq6qxorl-8329504110e0489e21a61faeebc9b0cf img.avia_image{\nbox-shadow:none;\n}\n.avia-image-container.av-lq6qxorl-8329504110e0489e21a61faeebc9b0cf .av-image-caption-overlay-center{\ncolor:#ffffff;\n}\n<\/style>\n<div  class='avia-image-container av-lq6qxorl-8329504110e0489e21a61faeebc9b0cf av-styling- avia-align-center  avia-builder-el-13  avia-builder-el-no-sibling  img-gris'   itemprop=\"image\" itemscope=\"itemscope\" itemtype=\"https:\/\/schema.org\/ImageObject\" ><div class=\"avia-image-container-inner\"><div class=\"avia-image-overlay-wrap\"><img decoding=\"async\" fetchpriority=\"high\" class='wp-image-18167 avia-img-lazy-loading-not-18167 avia_image ' src=\"https:\/\/consolvilar.com\/wp-content\/uploads\/2024\/04\/consol-vilar-10-700x700.png\" alt='' title='consol-vilar-10'  height=\"700\" width=\"700\"  itemprop=\"thumbnailUrl\" srcset=\"https:\/\/consolvilar.com\/wp-content\/uploads\/2024\/04\/consol-vilar-10-700x700.png 700w, https:\/\/consolvilar.com\/wp-content\/uploads\/2024\/04\/consol-vilar-10-80x80.png 80w, https:\/\/consolvilar.com\/wp-content\/uploads\/2024\/04\/consol-vilar-10-36x36.png 36w\" sizes=\"(max-width: 700px) 100vw, 700px\" \/><\/div><\/div><\/div><\/div>\n\n<style type=\"text\/css\" data-created_by=\"avia_inline_auto\" id=\"style-css-av-lqz2x55v-4e76911b8b747c1966b98d2f605b4a83\">\n#top .hr.hr-invisible.av-lqz2x55v-4e76911b8b747c1966b98d2f605b4a83{\nheight:20px;\n}\n<\/style>\n<div  class='hr av-lqz2x55v-4e76911b8b747c1966b98d2f605b4a83 hr-invisible  avia-builder-el-14  el_after_av_two_fifth  el_before_av_one_fourth '><span class='hr-inner '><span class=\"hr-inner-style\"><\/span><\/span><\/div>\n<div  class='flex_column av-ijut0-d2126c1559994de7527545673068dc65 av_one_fourth  avia-builder-el-15  el_after_av_hr  el_before_av_one_half  first flex_column_div  '     ><\/div>\n<div  class='flex_column av-fvyn8-02b62dc33f1201b209f21240b6e93998 av_one_half  avia-builder-el-16  el_after_av_one_fourth  el_before_av_one_fourth  flex_column_div  '     ><section  class='av_textblock_section av-lqz2vnnc-2b80c757cf8e77ab12f85c1bc91536f0 '   itemscope=\"itemscope\" itemtype=\"https:\/\/schema.org\/CreativeWork\" ><div class='avia_textblock'  itemprop=\"text\" ><blockquote>\n<p style=\"text-align: center;\">Lidera el teu estil amb \u00e8xit!<\/p>\n<\/blockquote>\n<\/div><\/section><br \/>\n<div  class='avia-button-wrap avia-button-center  avia-builder-el-18  el_after_av_textblock  avia-builder-el-last '>\n<style type=\"text\/css\" data-created_by=\"avia_inline_auto\" id=\"style-css-av-aucu4-53abbe67e30720072d5516dc80491ebb\">\n#top #wrap_all .avia-button.av-aucu4-53abbe67e30720072d5516dc80491ebb:hover{\ncolor:white;\ntransition:all 0.4s ease-in-out;\n}\n#top #wrap_all .avia-button.av-aucu4-53abbe67e30720072d5516dc80491ebb:hover .avia-svg-icon svg:first-child{\nfill:white;\nstroke:white;\n}\n<\/style>\n<a href='https:\/\/consolvilar.com\/contacto\/' class='avia-color-theme-color avia-font-color-theme-color avia-button avia-button-fullwidth av-aucu4-53abbe67e30720072d5516dc80491ebb avia-icon_select-no avia-color-theme-color'   aria-label=\"Contacta&#039;ns ara\"><span class='avia_iconbox_title' >Contacta'ns ara<\/span><span class='avia_button_background avia-button avia-button-fullwidth avia-color-theme-color-highlight'><\/span><\/a><\/div><\/p><\/div>\n<div  class='flex_column av-7umr0-086b80466b86a928d33cf9245041101d av_one_fourth  avia-builder-el-19  el_after_av_one_half  avia-builder-el-last  flex_column_div  '     ><\/div>\n","protected":false},"excerpt":{"rendered":"","protected":false},"author":3,"featured_media":0,"parent":17810,"menu_order":0,"comment_status":"closed","ping_status":"closed","template":"","meta":{"footnotes":""},"class_list":["post-17822","page","type-page","status-publish","hentry"],"yoast_head":"<!-- This site is optimized with the Yoast SEO plugin v27.3 - https:\/\/yoast.com\/product\/yoast-seo-wordpress\/ -->\n<title>Estudi de l&#039;estil de vestir<\/title>\n<meta name=\"description\" content=\"Obtingues una an\u00e0lisi personalitzada del teu estil de vestir per potenciar la teva imatge.\" \/>\n<meta name=\"robots\" content=\"index, follow, max-snippet:-1, max-image-preview:large, max-video-preview:-1\" \/>\n<link rel=\"canonical\" href=\"https:\/\/consolvilar.com\/ca\/consultoria\/estudi-destil-de-vestir\/\" \/>\n<meta property=\"og:locale\" content=\"ca_ES\" \/>\n<meta property=\"og:type\" content=\"article\" \/>\n<meta property=\"og:title\" content=\"Estudi de l&#039;estil de vestir\" \/>\n<meta property=\"og:description\" content=\"Obtingues una an\u00e0lisi personalitzada del teu estil de vestir per potenciar la teva imatge.\" \/>\n<meta property=\"og:url\" content=\"https:\/\/consolvilar.com\/ca\/consultoria\/estudi-destil-de-vestir\/\" \/>\n<meta property=\"og:site_name\" content=\"Consol Vilar\" \/>\n<meta property=\"article:modified_time\" content=\"2024-05-06T10:14:43+00:00\" \/>\n<meta name=\"twitter:card\" content=\"summary_large_image\" \/>\n<meta name=\"twitter:label1\" content=\"Temps estimat de lectura\" \/>\n\t<meta name=\"twitter:data1\" content=\"2 minuts\" \/>\n<script type=\"application\/ld+json\" class=\"yoast-schema-graph\">{\"@context\":\"https:\\\/\\\/schema.org\",\"@graph\":[{\"@type\":\"WebPage\",\"@id\":\"https:\\\/\\\/consolvilar.com\\\/ca\\\/consultoria\\\/estudi-destil-de-vestir\\\/\",\"url\":\"https:\\\/\\\/consolvilar.com\\\/ca\\\/consultoria\\\/estudi-destil-de-vestir\\\/\",\"name\":\"Estudi de l'estil de vestir\",\"isPartOf\":{\"@id\":\"https:\\\/\\\/consolvilar.com\\\/ca\\\/#website\"},\"datePublished\":\"2024-04-25T08:48:33+00:00\",\"dateModified\":\"2024-05-06T10:14:43+00:00\",\"description\":\"Obtingues una an\u00e0lisi personalitzada del teu estil de vestir per potenciar la teva imatge.\",\"breadcrumb\":{\"@id\":\"https:\\\/\\\/consolvilar.com\\\/ca\\\/consultoria\\\/estudi-destil-de-vestir\\\/#breadcrumb\"},\"inLanguage\":\"ca\",\"potentialAction\":[{\"@type\":\"ReadAction\",\"target\":[\"https:\\\/\\\/consolvilar.com\\\/ca\\\/consultoria\\\/estudi-destil-de-vestir\\\/\"]}]},{\"@type\":\"BreadcrumbList\",\"@id\":\"https:\\\/\\\/consolvilar.com\\\/ca\\\/consultoria\\\/estudi-destil-de-vestir\\\/#breadcrumb\",\"itemListElement\":[{\"@type\":\"ListItem\",\"position\":1,\"name\":\"Inici\",\"item\":\"https:\\\/\\\/consolvilar.com\\\/ca\\\/\"},{\"@type\":\"ListItem\",\"position\":2,\"name\":\"Consultoria\",\"item\":\"https:\\\/\\\/consolvilar.com\\\/ca\\\/consultoria\\\/\"},{\"@type\":\"ListItem\",\"position\":3,\"name\":\"Estudi d&#8217;estil de vestir\"}]},{\"@type\":\"WebSite\",\"@id\":\"https:\\\/\\\/consolvilar.com\\\/ca\\\/#website\",\"url\":\"https:\\\/\\\/consolvilar.com\\\/ca\\\/\",\"name\":\"Consol Vilar\",\"description\":\"Imagen personal y profesional\",\"potentialAction\":[{\"@type\":\"SearchAction\",\"target\":{\"@type\":\"EntryPoint\",\"urlTemplate\":\"https:\\\/\\\/consolvilar.com\\\/ca\\\/?s={search_term_string}\"},\"query-input\":{\"@type\":\"PropertyValueSpecification\",\"valueRequired\":true,\"valueName\":\"search_term_string\"}}],\"inLanguage\":\"ca\"}]}<\/script>\n<!-- \/ Yoast SEO plugin. -->","yoast_head_json":{"title":"Estudi de l'estil de vestir","description":"Obtingues una an\u00e0lisi personalitzada del teu estil de vestir per potenciar la teva imatge.","robots":{"index":"index","follow":"follow","max-snippet":"max-snippet:-1","max-image-preview":"max-image-preview:large","max-video-preview":"max-video-preview:-1"},"canonical":"https:\/\/consolvilar.com\/ca\/consultoria\/estudi-destil-de-vestir\/","og_locale":"ca_ES","og_type":"article","og_title":"Estudi de l'estil de vestir","og_description":"Obtingues una an\u00e0lisi personalitzada del teu estil de vestir per potenciar la teva imatge.","og_url":"https:\/\/consolvilar.com\/ca\/consultoria\/estudi-destil-de-vestir\/","og_site_name":"Consol Vilar","article_modified_time":"2024-05-06T10:14:43+00:00","twitter_card":"summary_large_image","twitter_misc":{"Temps estimat de lectura":"2 minuts"},"schema":{"@context":"https:\/\/schema.org","@graph":[{"@type":"WebPage","@id":"https:\/\/consolvilar.com\/ca\/consultoria\/estudi-destil-de-vestir\/","url":"https:\/\/consolvilar.com\/ca\/consultoria\/estudi-destil-de-vestir\/","name":"Estudi de l'estil de vestir","isPartOf":{"@id":"https:\/\/consolvilar.com\/ca\/#website"},"datePublished":"2024-04-25T08:48:33+00:00","dateModified":"2024-05-06T10:14:43+00:00","description":"Obtingues una an\u00e0lisi personalitzada del teu estil de vestir per potenciar la teva imatge.","breadcrumb":{"@id":"https:\/\/consolvilar.com\/ca\/consultoria\/estudi-destil-de-vestir\/#breadcrumb"},"inLanguage":"ca","potentialAction":[{"@type":"ReadAction","target":["https:\/\/consolvilar.com\/ca\/consultoria\/estudi-destil-de-vestir\/"]}]},{"@type":"BreadcrumbList","@id":"https:\/\/consolvilar.com\/ca\/consultoria\/estudi-destil-de-vestir\/#breadcrumb","itemListElement":[{"@type":"ListItem","position":1,"name":"Inici","item":"https:\/\/consolvilar.com\/ca\/"},{"@type":"ListItem","position":2,"name":"Consultoria","item":"https:\/\/consolvilar.com\/ca\/consultoria\/"},{"@type":"ListItem","position":3,"name":"Estudi d&#8217;estil de vestir"}]},{"@type":"WebSite","@id":"https:\/\/consolvilar.com\/ca\/#website","url":"https:\/\/consolvilar.com\/ca\/","name":"Consol Vilar","description":"Imagen personal y profesional","potentialAction":[{"@type":"SearchAction","target":{"@type":"EntryPoint","urlTemplate":"https:\/\/consolvilar.com\/ca\/?s={search_term_string}"},"query-input":{"@type":"PropertyValueSpecification","valueRequired":true,"valueName":"search_term_string"}}],"inLanguage":"ca"}]}},"_links":{"self":[{"href":"https:\/\/consolvilar.com\/ca\/wp-json\/wp\/v2\/pages\/17822","targetHints":{"allow":["GET"]}}],"collection":[{"href":"https:\/\/consolvilar.com\/ca\/wp-json\/wp\/v2\/pages"}],"about":[{"href":"https:\/\/consolvilar.com\/ca\/wp-json\/wp\/v2\/types\/page"}],"author":[{"embeddable":true,"href":"https:\/\/consolvilar.com\/ca\/wp-json\/wp\/v2\/users\/3"}],"replies":[{"embeddable":true,"href":"https:\/\/consolvilar.com\/ca\/wp-json\/wp\/v2\/comments?post=17822"}],"version-history":[{"count":10,"href":"https:\/\/consolvilar.com\/ca\/wp-json\/wp\/v2\/pages\/17822\/revisions"}],"predecessor-version":[{"id":18093,"href":"https:\/\/consolvilar.com\/ca\/wp-json\/wp\/v2\/pages\/17822\/revisions\/18093"}],"up":[{"embeddable":true,"href":"https:\/\/consolvilar.com\/ca\/wp-json\/wp\/v2\/pages\/17810"}],"wp:attachment":[{"href":"https:\/\/consolvilar.com\/ca\/wp-json\/wp\/v2\/media?parent=17822"}],"curies":[{"name":"wp","href":"https:\/\/api.w.org\/{rel}","templated":true}]}}